{"id":10540,"date":"2025-07-11T21:18:37","date_gmt":"2025-07-11T14:18:37","guid":{"rendered":"https:\/\/tuyensinh.hmtu.edu.vn\/?page_id=10540"},"modified":"2025-07-11T21:25:35","modified_gmt":"2025-07-11T14:25:35","slug":"huong-dan-dang-ky-nguyen-vong-tuyen-sinh-tren-cong-thong-tin-cua-bo-giao-duc-va-dao-tao","status":"publish","type":"page","link":"https:\/\/tuyensinh.hmtu.edu.vn\/?page_id=10540","title":{"rendered":"H\u01b0\u1edbng d\u1eabn \u0111\u0103ng k\u00fd nguy\u1ec7n v\u1ecdng tuy\u1ec3n sinh tr\u00ean c\u1ed5ng th\u00f4ng tin c\u1ee7a B\u1ed9 Gi\u00e1o d\u1ee5c v\u00e0 \u0111\u00e0o t\u1ea1o"},"content":{"rendered":"\t\t<div data-elementor-type=\"wp-page\" data-elementor-id=\"10540\" class=\"elementor elementor-10540\" data-elementor-post-type=\"page\">\n\t\t\t\t\t\t<section data-particle_enable=\"false\" data-particle-mobile-disabled=\"false\" class=\"elementor-section elementor-top-section elementor-element elementor-element-2d15c6c elementor-section-boxed elementor-section-height-default elementor-section-height-default\" data-id=\"2d15c6c\" data-element_type=\"section\">\n\t\t\t\t\t\t<div class=\"elementor-container elementor-column-gap-custom\">\n\t\t\t\t\t<div class=\"elementor-column elementor-col-100 elementor-top-column elementor-element elementor-element-5e9ea00\" data-id=\"5e9ea00\" data-element_type=\"column\">\n\t\t\t<div class=\"elementor-widget-wrap elementor-element-populated\">\n\t\t\t\t\t\t<div class=\"elementor-element elementor-element-860e65d elementor-widget elementor-widget-text-editor\" data-id=\"860e65d\" data-element_type=\"widget\" data-widget_type=\"text-editor.default\">\n\t\t\t\t<div class=\"elementor-widget-container\">\n\t\t\t\t\t\t\t\t\t<p><span style=\"color: #000000; font-family: tahoma, arial, helvetica, sans-serif;\"><img decoding=\"async\" class=\"alignleft wp-image-9309\" src=\"https:\/\/tuyensinh.hmtu.edu.vn\/wp-content\/uploads\/2025\/04\/V.jpg\" alt=\"\" width=\"20\" height=\"20\" \/>H\u01b0\u1edbng d\u1eabn \u0111\u0103ng k\u00fd nguy\u1ec7n v\u1ecdng tuy\u1ec3n sinh tr\u00ean c\u1ed5ng th\u00f4ng tin c\u1ee7a B\u1ed9 Gi\u00e1o d\u1ee5c v\u00e0 \u0111\u00e0o t\u1ea1o: <a style=\"color: #000000;\" href=\"https:\/\/thisinh.thitotnghiepthpt.edu.vn\/?fbclid=IwZXh0bgNhZW0CMTAAYnJpZBExWlZ6Tm5Gc00zOWdOdDg0QgEedCZLpOizL3Y3HuJ--YRQ0X4M-Ysk0_7JHbG1Hyg7-RTzd8LqjYixvZsqKUA_aem_wZAX7YWW5_xWx4C0KiE6xw\"><strong>https:\/\/thisinh.thitotnghiepthpt.edu.vn<\/strong><\/a><\/span><\/p><p><span style=\"color: #000000; font-family: tahoma, arial, helvetica, sans-serif;\"><img decoding=\"async\" class=\"alignleft wp-image-9309\" src=\"https:\/\/tuyensinh.hmtu.edu.vn\/wp-content\/uploads\/2025\/04\/V.jpg\" alt=\"\" width=\"20\" height=\"20\" \/>Th\u1eddi gian \u0111\u0103ng k\u00fd t\u1eeb ng\u00e0y 16 \u0111\u1ebfn 28 th\u00e1ng 7 n\u0103m 2025. (L\u1ec7 ph\u00ed 20.000 \u0111\u1ed3ng\/ nguy\u1ec7n v\u1ecdng n\u1ed9p t\u1eeb 29\/7 \u0111\u1ebfn 03\/8\/2025).<\/span><\/p><p><span style=\"color: #000000; font-family: tahoma, arial, helvetica, sans-serif;\"><img decoding=\"async\" class=\"alignleft wp-image-9309\" src=\"https:\/\/tuyensinh.hmtu.edu.vn\/wp-content\/uploads\/2025\/04\/V.jpg\" alt=\"\" width=\"20\" height=\"20\" \/>T\u00e0i li\u1ec7u h\u01b0\u1edbng d\u1eabn: <span style=\"color: #000080;\"><a style=\"color: #000080;\" href=\"https:\/\/drive.google.com\/file\/d\/1syx6AUVoAR8s7WezsSlLX-7jx_-gRe3f\/view?fbclid=IwY2xjawLd_LtleHRuA2FlbQIxMABicmlkETFaVnpObkZzTTM5Z050ODRCAR7m8KZOtYT83x1isJvx_5c5qbmEp7GRgt2wZMgdlcRHEDboNGYqLJ5SRCpkKw_aem_VLednQOi_qSpC5jOnDIH4w\"><strong>Click va\u0300o \u0111\u00e2y \u0111\u00ea\u0309 xem chi ti\u00ea\u0301t<\/strong><\/a><\/span><\/span><\/p>\t\t\t\t\t\t\t\t<\/div>\n\t\t\t\t<\/div>\n\t\t\t\t\t<\/div>\n\t\t<\/div>\n\t\t\t\t\t<\/div>\n\t\t<\/section>\n\t\t\t\t<section data-particle_enable=\"false\" data-particle-mobile-disabled=\"false\" class=\"elementor-section elementor-top-section elementor-element elementor-element-32c68c8 elementor-section-boxed elementor-section-height-default elementor-section-height-default\" data-id=\"32c68c8\" data-element_type=\"section\">\n\t\t\t\t\t\t<div class=\"elementor-container elementor-column-gap-custom\">\n\t\t\t\t\t<div class=\"elementor-column elementor-col-100 elementor-top-column elementor-element elementor-element-e63cfda\" data-id=\"e63cfda\" data-element_type=\"column\">\n\t\t\t<div class=\"elementor-widget-wrap elementor-element-populated\">\n\t\t\t\t\t\t<div class=\"elementor-element elementor-element-15e2921 elementor-widget elementor-widget-video\" data-id=\"15e2921\" data-element_type=\"widget\" data-settings=\"{&quot;youtube_url&quot;:&quot;https:\\\/\\\/youtu.be\\\/KTopGgM9en0&quot;,&quot;video_type&quot;:&quot;youtube&quot;,&quot;controls&quot;:&quot;yes&quot;}\" data-widget_type=\"video.default\">\n\t\t\t\t<div class=\"elementor-widget-container\">\n\t\t\t\t\t\t\t<div class=\"elementor-wrapper elementor-open-inline\">\n\t\t\t<div class=\"elementor-video\"><\/div>\t\t<\/div>\n\t\t\t\t\t\t<\/div>\n\t\t\t\t<\/div>\n\t\t\t\t\t<\/div>\n\t\t<\/div>\n\t\t\t\t\t<\/div>\n\t\t<\/section>\n\t\t\t\t<\/div>\n\t\t","protected":false},"excerpt":{"rendered":"<p>H\u01b0\u1edbng d\u1eabn \u0111\u0103ng k\u00fd nguy\u1ec7n v\u1ecdng tuy\u1ec3n sinh tr\u00ean c\u1ed5ng th\u00f4ng tin c\u1ee7a B\u1ed9 Gi\u00e1o d\u1ee5c v\u00e0 \u0111\u00e0o t\u1ea1o: https:\/\/thisinh.thitotnghiepthpt.edu.vn Th\u1eddi gian \u0111\u0103ng k\u00fd t\u1eeb ng\u00e0y 16 \u0111\u1ebfn 28 th\u00e1ng 7 n\u0103m 2025. (L\u1ec7 ph\u00ed 20.000 \u0111\u1ed3ng\/ nguy\u1ec7n v\u1ecdng n\u1ed9p t\u1eeb 29\/7 \u0111\u1ebfn 03\/8\/2025). T\u00e0i li\u1ec7u h\u01b0\u1edbng d\u1eabn: Click va\u0300o \u0111\u00e2y \u0111\u00ea\u0309 xem chi ti\u00ea\u0301t<\/p>\n","protected":false},"author":3,"featured_media":0,"parent":0,"menu_order":0,"comment_status":"closed","ping_status":"closed","template":"","meta":{"footnotes":""},"class_list":["post-10540","page","type-page","status-publish","hentry"],"yoast_head":"<!-- This site is optimized with the Yoast SEO plugin v27.2 - https:\/\/yoast.com\/product\/yoast-seo-wordpress\/ -->\n<title>H\u01b0\u1edbng d\u1eabn \u0111\u0103ng k\u00fd nguy\u1ec7n v\u1ecdng tuy\u1ec3n sinh tr\u00ean c\u1ed5ng th\u00f4ng tin c\u1ee7a B\u1ed9 Gi\u00e1o d\u1ee5c v\u00e0 \u0111\u00e0o t\u1ea1o - Tuy\u00ea\u0309n sinh tr\u01b0\u01a1\u0300ng \u0110H Ky\u0303 thu\u00e2\u0323t Y t\u00ea\u0301 Ha\u0309i D\u01b0\u01a1ng, tuy\u00ea\u0309n sinh \u0111a\u0323i ho\u0323c y, tuyen sinh dai hoc y<\/title>\n<meta name=\"robots\" content=\"index, follow, max-snippet:-1, max-image-preview:large, max-video-preview:-1\" \/>\n<link rel=\"canonical\" href=\"https:\/\/tuyensinh.hmtu.edu.vn\/?page_id=10540\" \/>\n<meta property=\"og:locale\" content=\"vi_VN\" \/>\n<meta property=\"og:type\" content=\"article\" \/>\n<meta property=\"og:title\" content=\"H\u01b0\u1edbng d\u1eabn \u0111\u0103ng k\u00fd nguy\u1ec7n v\u1ecdng tuy\u1ec3n sinh tr\u00ean c\u1ed5ng th\u00f4ng tin c\u1ee7a B\u1ed9 Gi\u00e1o d\u1ee5c v\u00e0 \u0111\u00e0o t\u1ea1o - Tuy\u00ea\u0309n sinh tr\u01b0\u01a1\u0300ng \u0110H Ky\u0303 thu\u00e2\u0323t Y t\u00ea\u0301 Ha\u0309i D\u01b0\u01a1ng, tuy\u00ea\u0309n sinh \u0111a\u0323i ho\u0323c y, tuyen sinh dai hoc y\" \/>\n<meta property=\"og:description\" content=\"H\u01b0\u1edbng d\u1eabn \u0111\u0103ng k\u00fd nguy\u1ec7n v\u1ecdng tuy\u1ec3n sinh tr\u00ean c\u1ed5ng th\u00f4ng tin c\u1ee7a B\u1ed9 Gi\u00e1o d\u1ee5c v\u00e0 \u0111\u00e0o t\u1ea1o: https:\/\/thisinh.thitotnghiepthpt.edu.vn Th\u1eddi gian \u0111\u0103ng k\u00fd t\u1eeb ng\u00e0y 16 \u0111\u1ebfn 28 th\u00e1ng 7 n\u0103m 2025. (L\u1ec7 ph\u00ed 20.000 \u0111\u1ed3ng\/ nguy\u1ec7n v\u1ecdng n\u1ed9p t\u1eeb 29\/7 \u0111\u1ebfn 03\/8\/2025). T\u00e0i li\u1ec7u h\u01b0\u1edbng d\u1eabn: Click va\u0300o \u0111\u00e2y \u0111\u00ea\u0309 xem chi ti\u00ea\u0301t\" \/>\n<meta property=\"og:url\" content=\"https:\/\/tuyensinh.hmtu.edu.vn\/?page_id=10540\" \/>\n<meta property=\"og:site_name\" content=\"Tuy\u00ea\u0309n sinh tr\u01b0\u01a1\u0300ng \u0110H Ky\u0303 thu\u00e2\u0323t Y t\u00ea\u0301 Ha\u0309i D\u01b0\u01a1ng, tuy\u00ea\u0309n sinh \u0111a\u0323i ho\u0323c y, tuyen sinh dai hoc y\" \/>\n<meta property=\"article:modified_time\" content=\"2025-07-11T14:25:35+00:00\" \/>\n<meta property=\"og:image\" content=\"https:\/\/tuyensinh.hmtu.edu.vn\/wp-content\/uploads\/2025\/04\/V.jpg\" \/>\n\t<meta property=\"og:image:width\" content=\"150\" \/>\n\t<meta property=\"og:image:height\" content=\"150\" \/>\n\t<meta property=\"og:image:type\" content=\"image\/jpeg\" \/>\n<meta name=\"twitter:card\" content=\"summary_large_image\" \/>\n<script type=\"application\/ld+json\" class=\"yoast-schema-graph\">{\"@context\":\"https:\/\/schema.org\",\"@graph\":[{\"@type\":\"WebPage\",\"@id\":\"https:\/\/tuyensinh.hmtu.edu.vn\/?page_id=10540\",\"url\":\"https:\/\/tuyensinh.hmtu.edu.vn\/?page_id=10540\",\"name\":\"H\u01b0\u1edbng d\u1eabn \u0111\u0103ng k\u00fd nguy\u1ec7n v\u1ecdng tuy\u1ec3n sinh tr\u00ean c\u1ed5ng th\u00f4ng tin c\u1ee7a B\u1ed9 Gi\u00e1o d\u1ee5c v\u00e0 \u0111\u00e0o t\u1ea1o - Tuy\u00ea\u0309n sinh tr\u01b0\u01a1\u0300ng \u0110H Ky\u0303 thu\u00e2\u0323t Y t\u00ea\u0301 Ha\u0309i D\u01b0\u01a1ng, tuy\u00ea\u0309n sinh \u0111a\u0323i ho\u0323c y, tuyen sinh dai hoc y\",\"isPartOf\":{\"@id\":\"https:\/\/tuyensinh.hmtu.edu.vn\/#website\"},\"primaryImageOfPage\":{\"@id\":\"https:\/\/tuyensinh.hmtu.edu.vn\/?page_id=10540#primaryimage\"},\"image\":{\"@id\":\"https:\/\/tuyensinh.hmtu.edu.vn\/?page_id=10540#primaryimage\"},\"thumbnailUrl\":\"https:\/\/tuyensinh.hmtu.edu.vn\/wp-content\/uploads\/2025\/04\/V.jpg\",\"datePublished\":\"2025-07-11T14:18:37+00:00\",\"dateModified\":\"2025-07-11T14:25:35+00:00\",\"breadcrumb\":{\"@id\":\"https:\/\/tuyensinh.hmtu.edu.vn\/?page_id=10540#breadcrumb\"},\"inLanguage\":\"vi\",\"potentialAction\":[{\"@type\":\"ReadAction\",\"target\":[\"https:\/\/tuyensinh.hmtu.edu.vn\/?page_id=10540\"]}]},{\"@type\":\"ImageObject\",\"inLanguage\":\"vi\",\"@id\":\"https:\/\/tuyensinh.hmtu.edu.vn\/?page_id=10540#primaryimage\",\"url\":\"https:\/\/tuyensinh.hmtu.edu.vn\/wp-content\/uploads\/2025\/04\/V.jpg\",\"contentUrl\":\"https:\/\/tuyensinh.hmtu.edu.vn\/wp-content\/uploads\/2025\/04\/V.jpg\",\"width\":150,\"height\":150},{\"@type\":\"BreadcrumbList\",\"@id\":\"https:\/\/tuyensinh.hmtu.edu.vn\/?page_id=10540#breadcrumb\",\"itemListElement\":[{\"@type\":\"ListItem\",\"position\":1,\"name\":\"Trang ch\u1ee7\",\"item\":\"https:\/\/tuyensinh.hmtu.edu.vn\/\"},{\"@type\":\"ListItem\",\"position\":2,\"name\":\"H\u01b0\u1edbng d\u1eabn \u0111\u0103ng k\u00fd nguy\u1ec7n v\u1ecdng tuy\u1ec3n sinh tr\u00ean c\u1ed5ng th\u00f4ng tin c\u1ee7a B\u1ed9 Gi\u00e1o d\u1ee5c v\u00e0 \u0111\u00e0o t\u1ea1o\"}]},{\"@type\":\"WebSite\",\"@id\":\"https:\/\/tuyensinh.hmtu.edu.vn\/#website\",\"url\":\"https:\/\/tuyensinh.hmtu.edu.vn\/\",\"name\":\"Tuy\u00ea\u0309n sinh tr\u01b0\u01a1\u0300ng \u0110H Ky\u0303 thu\u00e2\u0323t Y t\u00ea\u0301 Ha\u0309i D\u01b0\u01a1ng\",\"description\":\"Trang th\u00f4ng tin tuy\u00ea\u0309n sinh tr\u01b0\u01a1\u0300ng \u0111a\u0323i ho\u0323c ky\u0303 thu\u00e2\u0323t y t\u00ea\u0301 Ha\u0309i D\u01b0\u01a1ng, tuy\u00ea\u0309n sinh \u0111a\u0323i ho\u0323c y, tuyen sinh dai hoc y\",\"publisher\":{\"@id\":\"https:\/\/tuyensinh.hmtu.edu.vn\/#organization\"},\"alternateName\":\"Trang tuy\u00ea\u0309n sinh tr\u01b0\u01a1\u0300ng \u0110a\u0323i ho\u0323c Ky\u0303 thu\u00e2\u0323t Y t\u00ea\u0301 Ha\u0309i D\u01b0\u01a1ng\",\"potentialAction\":[{\"@type\":\"SearchAction\",\"target\":{\"@type\":\"EntryPoint\",\"urlTemplate\":\"https:\/\/tuyensinh.hmtu.edu.vn\/?s={search_term_string}\"},\"query-input\":{\"@type\":\"PropertyValueSpecification\",\"valueRequired\":true,\"valueName\":\"search_term_string\"}}],\"inLanguage\":\"vi\"},{\"@type\":\"Organization\",\"@id\":\"https:\/\/tuyensinh.hmtu.edu.vn\/#organization\",\"name\":\"Tuy\u00ea\u0309n sinh tr\u01b0\u01a1\u0300ng \u0110H Ky\u0303 thu\u00e2\u0323t Y t\u00ea\u0301 Ha\u0309i D\u01b0\u01a1ng\",\"url\":\"https:\/\/tuyensinh.hmtu.edu.vn\/\",\"logo\":{\"@type\":\"ImageObject\",\"inLanguage\":\"vi\",\"@id\":\"https:\/\/tuyensinh.hmtu.edu.vn\/#\/schema\/logo\/image\/\",\"url\":\"https:\/\/tuyensinh.hmtu.edu.vn\/wp-content\/uploads\/2024\/05\/logo-hien-thi-gui-link-10.jpg\",\"contentUrl\":\"https:\/\/tuyensinh.hmtu.edu.vn\/wp-content\/uploads\/2024\/05\/logo-hien-thi-gui-link-10.jpg\",\"width\":592,\"height\":220,\"caption\":\"Tuy\u00ea\u0309n sinh tr\u01b0\u01a1\u0300ng \u0110H Ky\u0303 thu\u00e2\u0323t Y t\u00ea\u0301 Ha\u0309i D\u01b0\u01a1ng\"},\"image\":{\"@id\":\"https:\/\/tuyensinh.hmtu.edu.vn\/#\/schema\/logo\/image\/\"}}]}<\/script>\n<!-- \/ Yoast SEO plugin. -->","yoast_head_json":{"title":"H\u01b0\u1edbng d\u1eabn \u0111\u0103ng k\u00fd nguy\u1ec7n v\u1ecdng tuy\u1ec3n sinh tr\u00ean c\u1ed5ng th\u00f4ng tin c\u1ee7a B\u1ed9 Gi\u00e1o d\u1ee5c v\u00e0 \u0111\u00e0o t\u1ea1o - Tuy\u00ea\u0309n sinh tr\u01b0\u01a1\u0300ng \u0110H Ky\u0303 thu\u00e2\u0323t Y t\u00ea\u0301 Ha\u0309i D\u01b0\u01a1ng, tuy\u00ea\u0309n sinh \u0111a\u0323i ho\u0323c y, tuyen sinh dai hoc y","robots":{"index":"index","follow":"follow","max-snippet":"max-snippet:-1","max-image-preview":"max-image-preview:large","max-video-preview":"max-video-preview:-1"},"canonical":"https:\/\/tuyensinh.hmtu.edu.vn\/?page_id=10540","og_locale":"vi_VN","og_type":"article","og_title":"H\u01b0\u1edbng d\u1eabn \u0111\u0103ng k\u00fd nguy\u1ec7n v\u1ecdng tuy\u1ec3n sinh tr\u00ean c\u1ed5ng th\u00f4ng tin c\u1ee7a B\u1ed9 Gi\u00e1o d\u1ee5c v\u00e0 \u0111\u00e0o t\u1ea1o - Tuy\u00ea\u0309n sinh tr\u01b0\u01a1\u0300ng \u0110H Ky\u0303 thu\u00e2\u0323t Y t\u00ea\u0301 Ha\u0309i D\u01b0\u01a1ng, tuy\u00ea\u0309n sinh \u0111a\u0323i ho\u0323c y, tuyen sinh dai hoc y","og_description":"H\u01b0\u1edbng d\u1eabn \u0111\u0103ng k\u00fd nguy\u1ec7n v\u1ecdng tuy\u1ec3n sinh tr\u00ean c\u1ed5ng th\u00f4ng tin c\u1ee7a B\u1ed9 Gi\u00e1o d\u1ee5c v\u00e0 \u0111\u00e0o t\u1ea1o: https:\/\/thisinh.thitotnghiepthpt.edu.vn Th\u1eddi gian \u0111\u0103ng k\u00fd t\u1eeb ng\u00e0y 16 \u0111\u1ebfn 28 th\u00e1ng 7 n\u0103m 2025. (L\u1ec7 ph\u00ed 20.000 \u0111\u1ed3ng\/ nguy\u1ec7n v\u1ecdng n\u1ed9p t\u1eeb 29\/7 \u0111\u1ebfn 03\/8\/2025). T\u00e0i li\u1ec7u h\u01b0\u1edbng d\u1eabn: Click va\u0300o \u0111\u00e2y \u0111\u00ea\u0309 xem chi ti\u00ea\u0301t","og_url":"https:\/\/tuyensinh.hmtu.edu.vn\/?page_id=10540","og_site_name":"Tuy\u00ea\u0309n sinh tr\u01b0\u01a1\u0300ng \u0110H Ky\u0303 thu\u00e2\u0323t Y t\u00ea\u0301 Ha\u0309i D\u01b0\u01a1ng, tuy\u00ea\u0309n sinh \u0111a\u0323i ho\u0323c y, tuyen sinh dai hoc y","article_modified_time":"2025-07-11T14:25:35+00:00","og_image":[{"width":150,"height":150,"url":"https:\/\/tuyensinh.hmtu.edu.vn\/wp-content\/uploads\/2025\/04\/V.jpg","type":"image\/jpeg"}],"twitter_card":"summary_large_image","schema":{"@context":"https:\/\/schema.org","@graph":[{"@type":"WebPage","@id":"https:\/\/tuyensinh.hmtu.edu.vn\/?page_id=10540","url":"https:\/\/tuyensinh.hmtu.edu.vn\/?page_id=10540","name":"H\u01b0\u1edbng d\u1eabn \u0111\u0103ng k\u00fd nguy\u1ec7n v\u1ecdng tuy\u1ec3n sinh tr\u00ean c\u1ed5ng th\u00f4ng tin c\u1ee7a B\u1ed9 Gi\u00e1o d\u1ee5c v\u00e0 \u0111\u00e0o t\u1ea1o - Tuy\u00ea\u0309n sinh tr\u01b0\u01a1\u0300ng \u0110H Ky\u0303 thu\u00e2\u0323t Y t\u00ea\u0301 Ha\u0309i D\u01b0\u01a1ng, tuy\u00ea\u0309n sinh \u0111a\u0323i ho\u0323c y, tuyen sinh dai hoc y","isPartOf":{"@id":"https:\/\/tuyensinh.hmtu.edu.vn\/#website"},"primaryImageOfPage":{"@id":"https:\/\/tuyensinh.hmtu.edu.vn\/?page_id=10540#primaryimage"},"image":{"@id":"https:\/\/tuyensinh.hmtu.edu.vn\/?page_id=10540#primaryimage"},"thumbnailUrl":"https:\/\/tuyensinh.hmtu.edu.vn\/wp-content\/uploads\/2025\/04\/V.jpg","datePublished":"2025-07-11T14:18:37+00:00","dateModified":"2025-07-11T14:25:35+00:00","breadcrumb":{"@id":"https:\/\/tuyensinh.hmtu.edu.vn\/?page_id=10540#breadcrumb"},"inLanguage":"vi","potentialAction":[{"@type":"ReadAction","target":["https:\/\/tuyensinh.hmtu.edu.vn\/?page_id=10540"]}]},{"@type":"ImageObject","inLanguage":"vi","@id":"https:\/\/tuyensinh.hmtu.edu.vn\/?page_id=10540#primaryimage","url":"https:\/\/tuyensinh.hmtu.edu.vn\/wp-content\/uploads\/2025\/04\/V.jpg","contentUrl":"https:\/\/tuyensinh.hmtu.edu.vn\/wp-content\/uploads\/2025\/04\/V.jpg","width":150,"height":150},{"@type":"BreadcrumbList","@id":"https:\/\/tuyensinh.hmtu.edu.vn\/?page_id=10540#breadcrumb","itemListElement":[{"@type":"ListItem","position":1,"name":"Trang ch\u1ee7","item":"https:\/\/tuyensinh.hmtu.edu.vn\/"},{"@type":"ListItem","position":2,"name":"H\u01b0\u1edbng d\u1eabn \u0111\u0103ng k\u00fd nguy\u1ec7n v\u1ecdng tuy\u1ec3n sinh tr\u00ean c\u1ed5ng th\u00f4ng tin c\u1ee7a B\u1ed9 Gi\u00e1o d\u1ee5c v\u00e0 \u0111\u00e0o t\u1ea1o"}]},{"@type":"WebSite","@id":"https:\/\/tuyensinh.hmtu.edu.vn\/#website","url":"https:\/\/tuyensinh.hmtu.edu.vn\/","name":"Tuy\u00ea\u0309n sinh tr\u01b0\u01a1\u0300ng \u0110H Ky\u0303 thu\u00e2\u0323t Y t\u00ea\u0301 Ha\u0309i D\u01b0\u01a1ng","description":"Trang th\u00f4ng tin tuy\u00ea\u0309n sinh tr\u01b0\u01a1\u0300ng \u0111a\u0323i ho\u0323c ky\u0303 thu\u00e2\u0323t y t\u00ea\u0301 Ha\u0309i D\u01b0\u01a1ng, tuy\u00ea\u0309n sinh \u0111a\u0323i ho\u0323c y, tuyen sinh dai hoc y","publisher":{"@id":"https:\/\/tuyensinh.hmtu.edu.vn\/#organization"},"alternateName":"Trang tuy\u00ea\u0309n sinh tr\u01b0\u01a1\u0300ng \u0110a\u0323i ho\u0323c Ky\u0303 thu\u00e2\u0323t Y t\u00ea\u0301 Ha\u0309i D\u01b0\u01a1ng","potentialAction":[{"@type":"SearchAction","target":{"@type":"EntryPoint","urlTemplate":"https:\/\/tuyensinh.hmtu.edu.vn\/?s={search_term_string}"},"query-input":{"@type":"PropertyValueSpecification","valueRequired":true,"valueName":"search_term_string"}}],"inLanguage":"vi"},{"@type":"Organization","@id":"https:\/\/tuyensinh.hmtu.edu.vn\/#organization","name":"Tuy\u00ea\u0309n sinh tr\u01b0\u01a1\u0300ng \u0110H Ky\u0303 thu\u00e2\u0323t Y t\u00ea\u0301 Ha\u0309i D\u01b0\u01a1ng","url":"https:\/\/tuyensinh.hmtu.edu.vn\/","logo":{"@type":"ImageObject","inLanguage":"vi","@id":"https:\/\/tuyensinh.hmtu.edu.vn\/#\/schema\/logo\/image\/","url":"https:\/\/tuyensinh.hmtu.edu.vn\/wp-content\/uploads\/2024\/05\/logo-hien-thi-gui-link-10.jpg","contentUrl":"https:\/\/tuyensinh.hmtu.edu.vn\/wp-content\/uploads\/2024\/05\/logo-hien-thi-gui-link-10.jpg","width":592,"height":220,"caption":"Tuy\u00ea\u0309n sinh tr\u01b0\u01a1\u0300ng \u0110H Ky\u0303 thu\u00e2\u0323t Y t\u00ea\u0301 Ha\u0309i D\u01b0\u01a1ng"},"image":{"@id":"https:\/\/tuyensinh.hmtu.edu.vn\/#\/schema\/logo\/image\/"}}]}},"_links":{"self":[{"href":"https:\/\/tuyensinh.hmtu.edu.vn\/index.php?rest_route=\/wp\/v2\/pages\/10540","targetHints":{"allow":["GET"]}}],"collection":[{"href":"https:\/\/tuyensinh.hmtu.edu.vn\/index.php?rest_route=\/wp\/v2\/pages"}],"about":[{"href":"https:\/\/tuyensinh.hmtu.edu.vn\/index.php?rest_route=\/wp\/v2\/types\/page"}],"author":[{"embeddable":true,"href":"https:\/\/tuyensinh.hmtu.edu.vn\/index.php?rest_route=\/wp\/v2\/users\/3"}],"replies":[{"embeddable":true,"href":"https:\/\/tuyensinh.hmtu.edu.vn\/index.php?rest_route=%2Fwp%2Fv2%2Fcomments&post=10540"}],"version-history":[{"count":13,"href":"https:\/\/tuyensinh.hmtu.edu.vn\/index.php?rest_route=\/wp\/v2\/pages\/10540\/revisions"}],"predecessor-version":[{"id":10553,"href":"https:\/\/tuyensinh.hmtu.edu.vn\/index.php?rest_route=\/wp\/v2\/pages\/10540\/revisions\/10553"}],"wp:attachment":[{"href":"https:\/\/tuyensinh.hmtu.edu.vn\/index.php?rest_route=%2Fwp%2Fv2%2Fmedia&parent=10540"}],"curies":[{"name":"wp","href":"https:\/\/api.w.org\/{rel}","templated":true}]}}