{"id":12865,"date":"2026-04-07T21:01:35","date_gmt":"2026-04-07T14:01:35","guid":{"rendered":"https:\/\/tuyensinh.hmtu.edu.vn\/?page_id=12865"},"modified":"2026-04-08T08:50:49","modified_gmt":"2026-04-08T01:50:49","slug":"sau-dai-hoc-2","status":"publish","type":"page","link":"https:\/\/tuyensinh.hmtu.edu.vn\/?page_id=12865","title":{"rendered":"Sau \u0111a\u0323i ho\u0323c"},"content":{"rendered":"\t\t<div data-elementor-type=\"wp-page\" data-elementor-id=\"12865\" class=\"elementor elementor-12865\" data-elementor-post-type=\"page\">\n\t\t\t\t\t\t<section data-particle_enable=\"false\" data-particle-mobile-disabled=\"false\" class=\"elementor-section elementor-top-section elementor-element elementor-element-e106df3 elementor-section-boxed elementor-section-height-default elementor-section-height-default\" data-id=\"e106df3\" data-element_type=\"section\">\n\t\t\t\t\t\t<div class=\"elementor-container elementor-column-gap-no\">\n\t\t\t\t\t<div class=\"elementor-column elementor-col-100 elementor-top-column elementor-element elementor-element-4301ffa\" data-id=\"4301ffa\" data-element_type=\"column\">\n\t\t\t<div class=\"elementor-widget-wrap elementor-element-populated\">\n\t\t\t\t\t\t<div class=\"elementor-element elementor-element-190c9ac elementor-widget elementor-widget-heading\" data-id=\"190c9ac\" data-element_type=\"widget\" data-widget_type=\"heading.default\">\n\t\t\t\t<div class=\"elementor-widget-container\">\n\t\t\t\t\t<h2 class=\"elementor-heading-title elementor-size-default\">TIN T\u01af\u0301C \u0110A\u0300O TA\u0323O THA\u0323C SI\u0303 &amp; CKI<\/h2>\t\t\t\t<\/div>\n\t\t\t\t<\/div>\n\t\t\t\t\t<\/div>\n\t\t<\/div>\n\t\t\t\t\t<\/div>\n\t\t<\/section>\n\t\t\t\t<section data-particle_enable=\"false\" data-particle-mobile-disabled=\"false\" class=\"elementor-section elementor-top-section elementor-element elementor-element-5b395b1 elementor-section-boxed elementor-section-height-default elementor-section-height-default\" data-id=\"5b395b1\" data-element_type=\"section\" data-settings=\"{&quot;background_background&quot;:&quot;classic&quot;}\">\n\t\t\t\t\t\t<div class=\"elementor-container elementor-column-gap-default\">\n\t\t\t\t\t<div class=\"elementor-column elementor-col-100 elementor-top-column elementor-element elementor-element-6fc772d\" data-id=\"6fc772d\" data-element_type=\"column\">\n\t\t\t<div class=\"elementor-widget-wrap elementor-element-populated\">\n\t\t\t\t\t\t<div class=\"elementor-element elementor-element-96d67d6 elementor-widget elementor-widget-wp-widget-listcategorypostswidget\" data-id=\"96d67d6\" data-element_type=\"widget\" data-widget_type=\"wp-widget-listcategorypostswidget.default\">\n\t\t\t\t<div class=\"elementor-widget-container\">\n\t\t\t\t\t<h5> <\/h5><ul class=\"lcp_catlist\" id=\"lcp_instance_listcategorypostswidget-REPLACE_TO_ID\"><li><a href=\"https:\/\/tuyensinh.hmtu.edu.vn\/?p=12515\">Th\u00f4ng ba\u0301o v\u00ea\u0300 vi\u00ea\u0323c tuy\u00ea\u0309n sinh Sau \u0111a\u0323i ho\u0323c n\u0103m 2026 (TB s\u00f4\u0301 47\/\u0110HKTYTHD-TS)<\/a>  27\/01\/2026<\/li><li><a href=\"https:\/\/tuyensinh.hmtu.edu.vn\/?p=12475\">L\u1ec5 t\u1ed1t nghi\u1ec7p chuy\u00ean khoa c\u1ea5p I (Kho\u00e1 2) \u2013 Kh\u00f3a 2023\u20132025<\/a>  18\/01\/2026<\/li><li><a href=\"https:\/\/tuyensinh.hmtu.edu.vn\/?p=12007\">Ch\u00fac m\u1eebng h\u1ecdc vi\u00ean \u0111i\u1ec1u d\u01b0\u1ee1ng chuy\u00ean khoa I \u2013 Kh\u00f3a 3 b\u1ea3o v\u1ec7 th\u00e0nh c\u00f4ng \u0111\u1ec1 c\u01b0\u01a1ng chuy\u00ean \u0111\u1ec1 t\u1ed1t nghi\u1ec7p<\/a>  04\/12\/2025<\/li><li><a href=\"https:\/\/tuyensinh.hmtu.edu.vn\/?p=12001\">Ch\u00fac m\u1eebng 02 t\u00e2n ti\u1ebfn s\u0129 khoa \u0110i\u00ea\u0300u d\u01b0\u01a1\u0303ng<\/a>  04\/12\/2025<\/li><li><a href=\"https:\/\/tuyensinh.hmtu.edu.vn\/?p=11984\">Ch\u00e0o m\u1eebng c\u00e1c T\u00e2n h\u1ecdc vi\u00ean K1 (Tha\u0323c si\u0303)  Tr\u01b0\u1eddng \u0110\u1ea1i h\u1ecdc K\u1ef9 thu\u1eadt Y t\u1ebf H\u1ea3i D\u01b0\u01a1ng<\/a>  25\/11\/2025<\/li><li><a href=\"https:\/\/tuyensinh.hmtu.edu.vn\/?p=11457\">B\u1ea3o v\u1ec7 chuy\u00ean \u0111\u1ec1 t\u1ed1t nghi\u1ec7p chuy\u00ean khoa c\u1ea5p I ng\u00e0nh \u0110i\u1ec1u D\u01b0\u1ee1ng<\/a>  08\/10\/2025<\/li><li><a href=\"https:\/\/tuyensinh.hmtu.edu.vn\/?p=10884\">Th\u00f4ng ba\u0301o tuy\u00ea\u0309n sinh tha\u0323c si\u0303 n\u0103m 2025 nga\u0300nh \u0110i\u00ea\u0300u d\u01b0\u01a1\u0303ng va\u0300 Ky\u0303 thu\u00e2\u0323t Phu\u0323c h\u00f4\u0300i ch\u01b0\u0301c n\u0103ng<\/a>  29\/07\/2025<\/li><\/ul>\t\t\t\t<\/div>\n\t\t\t\t<\/div>\n\t\t\t\t\t<\/div>\n\t\t<\/div>\n\t\t\t\t\t<\/div>\n\t\t<\/section>\n\t\t\t\t<section data-particle_enable=\"false\" data-particle-mobile-disabled=\"false\" class=\"elementor-section elementor-top-section elementor-element elementor-element-53f2654 elementor-section-boxed elementor-section-height-default elementor-section-height-default\" data-id=\"53f2654\" data-element_type=\"section\">\n\t\t\t\t\t\t<div class=\"elementor-container elementor-column-gap-default\">\n\t\t\t\t\t<div class=\"elementor-column elementor-col-100 elementor-top-column elementor-element elementor-element-87a7324\" data-id=\"87a7324\" data-element_type=\"column\">\n\t\t\t<div class=\"elementor-widget-wrap elementor-element-populated\">\n\t\t\t\t\t\t<div class=\"elementor-element elementor-element-a649297 elementor-widget elementor-widget-text-editor\" data-id=\"a649297\" data-element_type=\"widget\" data-widget_type=\"text-editor.default\">\n\t\t\t\t<div class=\"elementor-widget-container\">\n\t\t\t\t\t\t\t\t\t<p><span style=\"color: #0000ff;\"><a style=\"color: #0000ff;\" href=\"https:\/\/tuyensinh.hmtu.edu.vn\/?page_id=11525\">Th\u00f4ng tin tuy\u00ea\u0309n sinh tha\u0323c si\u0303 n\u0103m 2025<\/a><\/span><a href=\"https:\/\/tuyensinh.hmtu.edu.vn\/?page_id=11525\"><img decoding=\"async\" class=\"alignleft wp-image-2858\" src=\"https:\/\/tuyensinh.hmtu.edu.vn\/wp-content\/uploads\/2024\/04\/icon-dau-tick-2.png\" alt=\"\" width=\"25\" height=\"25\" srcset=\"https:\/\/tuyensinh.hmtu.edu.vn\/wp-content\/uploads\/2024\/04\/icon-dau-tick-2.png 225w, https:\/\/tuyensinh.hmtu.edu.vn\/wp-content\/uploads\/2024\/04\/icon-dau-tick-2-150x150.png 150w, https:\/\/tuyensinh.hmtu.edu.vn\/wp-content\/uploads\/2024\/04\/icon-dau-tick-2-45x45.png 45w\" sizes=\"(max-width: 25px) 100vw, 25px\" \/><\/a><\/p>\t\t\t\t\t\t\t\t<\/div>\n\t\t\t\t<\/div>\n\t\t\t\t\t<\/div>\n\t\t<\/div>\n\t\t\t\t\t<\/div>\n\t\t<\/section>\n\t\t\t\t<\/div>\n\t\t","protected":false},"excerpt":{"rendered":"<p>TIN T\u01af\u0301C \u0110A\u0300O TA\u0323O THA\u0323C SI\u0303 &amp; CKI Th\u00f4ng tin tuy\u00ea\u0309n sinh tha\u0323c si\u0303 n\u0103m 2025<\/p>\n","protected":false},"author":3,"featured_media":0,"parent":0,"menu_order":0,"comment_status":"closed","ping_status":"closed","template":"","meta":{"footnotes":""},"class_list":["post-12865","page","type-page","status-publish","hentry"],"yoast_head":"<!-- This site is optimized with the Yoast SEO plugin v27.2 - https:\/\/yoast.com\/product\/yoast-seo-wordpress\/ -->\n<title>Sau \u0111a\u0323i ho\u0323c - Tuy\u00ea\u0309n sinh tr\u01b0\u01a1\u0300ng \u0110H Ky\u0303 thu\u00e2\u0323t Y t\u00ea\u0301 Ha\u0309i D\u01b0\u01a1ng, tuy\u00ea\u0309n sinh \u0111a\u0323i ho\u0323c y, tuyen sinh dai hoc y<\/title>\n<meta name=\"robots\" content=\"index, follow, max-snippet:-1, max-image-preview:large, max-video-preview:-1\" \/>\n<link rel=\"canonical\" href=\"https:\/\/tuyensinh.hmtu.edu.vn\/?page_id=12865\" \/>\n<meta property=\"og:locale\" content=\"vi_VN\" \/>\n<meta property=\"og:type\" content=\"article\" \/>\n<meta property=\"og:title\" content=\"Sau \u0111a\u0323i ho\u0323c - Tuy\u00ea\u0309n sinh tr\u01b0\u01a1\u0300ng \u0110H Ky\u0303 thu\u00e2\u0323t Y t\u00ea\u0301 Ha\u0309i D\u01b0\u01a1ng, tuy\u00ea\u0309n sinh \u0111a\u0323i ho\u0323c y, tuyen sinh dai hoc y\" \/>\n<meta property=\"og:description\" content=\"TIN T\u01af\u0301C \u0110A\u0300O TA\u0323O THA\u0323C SI\u0303 &amp; CKI Th\u00f4ng tin tuy\u00ea\u0309n sinh tha\u0323c si\u0303 n\u0103m 2025\" \/>\n<meta property=\"og:url\" content=\"https:\/\/tuyensinh.hmtu.edu.vn\/?page_id=12865\" \/>\n<meta property=\"og:site_name\" content=\"Tuy\u00ea\u0309n sinh tr\u01b0\u01a1\u0300ng \u0110H Ky\u0303 thu\u00e2\u0323t Y t\u00ea\u0301 Ha\u0309i D\u01b0\u01a1ng, tuy\u00ea\u0309n sinh \u0111a\u0323i ho\u0323c y, tuyen sinh dai hoc y\" \/>\n<meta property=\"article:modified_time\" content=\"2026-04-08T01:50:49+00:00\" \/>\n<meta property=\"og:image\" content=\"https:\/\/tuyensinh.hmtu.edu.vn\/wp-content\/uploads\/2024\/04\/icon-dau-tick-2.png\" \/>\n\t<meta property=\"og:image:width\" content=\"225\" \/>\n\t<meta property=\"og:image:height\" content=\"225\" \/>\n\t<meta property=\"og:image:type\" content=\"image\/png\" \/>\n<meta name=\"twitter:card\" content=\"summary_large_image\" \/>\n<meta name=\"twitter:label1\" content=\"\u01af\u1edbc t\u00ednh th\u1eddi gian \u0111\u1ecdc\" \/>\n\t<meta name=\"twitter:data1\" content=\"1 ph\u00fat\" \/>\n<script type=\"application\/ld+json\" class=\"yoast-schema-graph\">{\"@context\":\"https:\/\/schema.org\",\"@graph\":[{\"@type\":\"WebPage\",\"@id\":\"https:\/\/tuyensinh.hmtu.edu.vn\/?page_id=12865\",\"url\":\"https:\/\/tuyensinh.hmtu.edu.vn\/?page_id=12865\",\"name\":\"Sau \u0111a\u0323i ho\u0323c - Tuy\u00ea\u0309n sinh tr\u01b0\u01a1\u0300ng \u0110H Ky\u0303 thu\u00e2\u0323t Y t\u00ea\u0301 Ha\u0309i D\u01b0\u01a1ng, tuy\u00ea\u0309n sinh \u0111a\u0323i ho\u0323c y, tuyen sinh dai hoc y\",\"isPartOf\":{\"@id\":\"https:\/\/tuyensinh.hmtu.edu.vn\/#website\"},\"primaryImageOfPage\":{\"@id\":\"https:\/\/tuyensinh.hmtu.edu.vn\/?page_id=12865#primaryimage\"},\"image\":{\"@id\":\"https:\/\/tuyensinh.hmtu.edu.vn\/?page_id=12865#primaryimage\"},\"thumbnailUrl\":\"https:\/\/tuyensinh.hmtu.edu.vn\/wp-content\/uploads\/2024\/04\/icon-dau-tick-2.png\",\"datePublished\":\"2026-04-07T14:01:35+00:00\",\"dateModified\":\"2026-04-08T01:50:49+00:00\",\"breadcrumb\":{\"@id\":\"https:\/\/tuyensinh.hmtu.edu.vn\/?page_id=12865#breadcrumb\"},\"inLanguage\":\"vi\",\"potentialAction\":[{\"@type\":\"ReadAction\",\"target\":[\"https:\/\/tuyensinh.hmtu.edu.vn\/?page_id=12865\"]}]},{\"@type\":\"ImageObject\",\"inLanguage\":\"vi\",\"@id\":\"https:\/\/tuyensinh.hmtu.edu.vn\/?page_id=12865#primaryimage\",\"url\":\"https:\/\/tuyensinh.hmtu.edu.vn\/wp-content\/uploads\/2024\/04\/icon-dau-tick-2.png\",\"contentUrl\":\"https:\/\/tuyensinh.hmtu.edu.vn\/wp-content\/uploads\/2024\/04\/icon-dau-tick-2.png\",\"width\":225,\"height\":225},{\"@type\":\"BreadcrumbList\",\"@id\":\"https:\/\/tuyensinh.hmtu.edu.vn\/?page_id=12865#breadcrumb\",\"itemListElement\":[{\"@type\":\"ListItem\",\"position\":1,\"name\":\"Trang ch\u1ee7\",\"item\":\"https:\/\/tuyensinh.hmtu.edu.vn\/\"},{\"@type\":\"ListItem\",\"position\":2,\"name\":\"Sau \u0111a\u0323i ho\u0323c\"}]},{\"@type\":\"WebSite\",\"@id\":\"https:\/\/tuyensinh.hmtu.edu.vn\/#website\",\"url\":\"https:\/\/tuyensinh.hmtu.edu.vn\/\",\"name\":\"Tuy\u00ea\u0309n sinh tr\u01b0\u01a1\u0300ng \u0110H Ky\u0303 thu\u00e2\u0323t Y t\u00ea\u0301 Ha\u0309i D\u01b0\u01a1ng\",\"description\":\"Trang th\u00f4ng tin tuy\u00ea\u0309n sinh tr\u01b0\u01a1\u0300ng \u0111a\u0323i ho\u0323c ky\u0303 thu\u00e2\u0323t y t\u00ea\u0301 Ha\u0309i D\u01b0\u01a1ng, tuy\u00ea\u0309n sinh \u0111a\u0323i ho\u0323c y, tuyen sinh dai hoc y\",\"publisher\":{\"@id\":\"https:\/\/tuyensinh.hmtu.edu.vn\/#organization\"},\"alternateName\":\"Trang tuy\u00ea\u0309n sinh tr\u01b0\u01a1\u0300ng \u0110a\u0323i ho\u0323c Ky\u0303 thu\u00e2\u0323t Y t\u00ea\u0301 Ha\u0309i D\u01b0\u01a1ng\",\"potentialAction\":[{\"@type\":\"SearchAction\",\"target\":{\"@type\":\"EntryPoint\",\"urlTemplate\":\"https:\/\/tuyensinh.hmtu.edu.vn\/?s={search_term_string}\"},\"query-input\":{\"@type\":\"PropertyValueSpecification\",\"valueRequired\":true,\"valueName\":\"search_term_string\"}}],\"inLanguage\":\"vi\"},{\"@type\":\"Organization\",\"@id\":\"https:\/\/tuyensinh.hmtu.edu.vn\/#organization\",\"name\":\"Tuy\u00ea\u0309n sinh tr\u01b0\u01a1\u0300ng \u0110H Ky\u0303 thu\u00e2\u0323t Y t\u00ea\u0301 Ha\u0309i D\u01b0\u01a1ng\",\"url\":\"https:\/\/tuyensinh.hmtu.edu.vn\/\",\"logo\":{\"@type\":\"ImageObject\",\"inLanguage\":\"vi\",\"@id\":\"https:\/\/tuyensinh.hmtu.edu.vn\/#\/schema\/logo\/image\/\",\"url\":\"https:\/\/tuyensinh.hmtu.edu.vn\/wp-content\/uploads\/2024\/05\/logo-hien-thi-gui-link-10.jpg\",\"contentUrl\":\"https:\/\/tuyensinh.hmtu.edu.vn\/wp-content\/uploads\/2024\/05\/logo-hien-thi-gui-link-10.jpg\",\"width\":592,\"height\":220,\"caption\":\"Tuy\u00ea\u0309n sinh tr\u01b0\u01a1\u0300ng \u0110H Ky\u0303 thu\u00e2\u0323t Y t\u00ea\u0301 Ha\u0309i D\u01b0\u01a1ng\"},\"image\":{\"@id\":\"https:\/\/tuyensinh.hmtu.edu.vn\/#\/schema\/logo\/image\/\"}}]}<\/script>\n<!-- \/ Yoast SEO plugin. -->","yoast_head_json":{"title":"Sau \u0111a\u0323i ho\u0323c - Tuy\u00ea\u0309n sinh tr\u01b0\u01a1\u0300ng \u0110H Ky\u0303 thu\u00e2\u0323t Y t\u00ea\u0301 Ha\u0309i D\u01b0\u01a1ng, tuy\u00ea\u0309n sinh \u0111a\u0323i ho\u0323c y, tuyen sinh dai hoc y","robots":{"index":"index","follow":"follow","max-snippet":"max-snippet:-1","max-image-preview":"max-image-preview:large","max-video-preview":"max-video-preview:-1"},"canonical":"https:\/\/tuyensinh.hmtu.edu.vn\/?page_id=12865","og_locale":"vi_VN","og_type":"article","og_title":"Sau \u0111a\u0323i ho\u0323c - Tuy\u00ea\u0309n sinh tr\u01b0\u01a1\u0300ng \u0110H Ky\u0303 thu\u00e2\u0323t Y t\u00ea\u0301 Ha\u0309i D\u01b0\u01a1ng, tuy\u00ea\u0309n sinh \u0111a\u0323i ho\u0323c y, tuyen sinh dai hoc y","og_description":"TIN T\u01af\u0301C \u0110A\u0300O TA\u0323O THA\u0323C SI\u0303 &amp; CKI Th\u00f4ng tin tuy\u00ea\u0309n sinh tha\u0323c si\u0303 n\u0103m 2025","og_url":"https:\/\/tuyensinh.hmtu.edu.vn\/?page_id=12865","og_site_name":"Tuy\u00ea\u0309n sinh tr\u01b0\u01a1\u0300ng \u0110H Ky\u0303 thu\u00e2\u0323t Y t\u00ea\u0301 Ha\u0309i D\u01b0\u01a1ng, tuy\u00ea\u0309n sinh \u0111a\u0323i ho\u0323c y, tuyen sinh dai hoc y","article_modified_time":"2026-04-08T01:50:49+00:00","og_image":[{"width":225,"height":225,"url":"https:\/\/tuyensinh.hmtu.edu.vn\/wp-content\/uploads\/2024\/04\/icon-dau-tick-2.png","type":"image\/png"}],"twitter_card":"summary_large_image","twitter_misc":{"\u01af\u1edbc t\u00ednh th\u1eddi gian \u0111\u1ecdc":"1 ph\u00fat"},"schema":{"@context":"https:\/\/schema.org","@graph":[{"@type":"WebPage","@id":"https:\/\/tuyensinh.hmtu.edu.vn\/?page_id=12865","url":"https:\/\/tuyensinh.hmtu.edu.vn\/?page_id=12865","name":"Sau \u0111a\u0323i ho\u0323c - Tuy\u00ea\u0309n sinh tr\u01b0\u01a1\u0300ng \u0110H Ky\u0303 thu\u00e2\u0323t Y t\u00ea\u0301 Ha\u0309i D\u01b0\u01a1ng, tuy\u00ea\u0309n sinh \u0111a\u0323i ho\u0323c y, tuyen sinh dai hoc y","isPartOf":{"@id":"https:\/\/tuyensinh.hmtu.edu.vn\/#website"},"primaryImageOfPage":{"@id":"https:\/\/tuyensinh.hmtu.edu.vn\/?page_id=12865#primaryimage"},"image":{"@id":"https:\/\/tuyensinh.hmtu.edu.vn\/?page_id=12865#primaryimage"},"thumbnailUrl":"https:\/\/tuyensinh.hmtu.edu.vn\/wp-content\/uploads\/2024\/04\/icon-dau-tick-2.png","datePublished":"2026-04-07T14:01:35+00:00","dateModified":"2026-04-08T01:50:49+00:00","breadcrumb":{"@id":"https:\/\/tuyensinh.hmtu.edu.vn\/?page_id=12865#breadcrumb"},"inLanguage":"vi","potentialAction":[{"@type":"ReadAction","target":["https:\/\/tuyensinh.hmtu.edu.vn\/?page_id=12865"]}]},{"@type":"ImageObject","inLanguage":"vi","@id":"https:\/\/tuyensinh.hmtu.edu.vn\/?page_id=12865#primaryimage","url":"https:\/\/tuyensinh.hmtu.edu.vn\/wp-content\/uploads\/2024\/04\/icon-dau-tick-2.png","contentUrl":"https:\/\/tuyensinh.hmtu.edu.vn\/wp-content\/uploads\/2024\/04\/icon-dau-tick-2.png","width":225,"height":225},{"@type":"BreadcrumbList","@id":"https:\/\/tuyensinh.hmtu.edu.vn\/?page_id=12865#breadcrumb","itemListElement":[{"@type":"ListItem","position":1,"name":"Trang ch\u1ee7","item":"https:\/\/tuyensinh.hmtu.edu.vn\/"},{"@type":"ListItem","position":2,"name":"Sau \u0111a\u0323i ho\u0323c"}]},{"@type":"WebSite","@id":"https:\/\/tuyensinh.hmtu.edu.vn\/#website","url":"https:\/\/tuyensinh.hmtu.edu.vn\/","name":"Tuy\u00ea\u0309n sinh tr\u01b0\u01a1\u0300ng \u0110H Ky\u0303 thu\u00e2\u0323t Y t\u00ea\u0301 Ha\u0309i D\u01b0\u01a1ng","description":"Trang th\u00f4ng tin tuy\u00ea\u0309n sinh tr\u01b0\u01a1\u0300ng \u0111a\u0323i ho\u0323c ky\u0303 thu\u00e2\u0323t y t\u00ea\u0301 Ha\u0309i D\u01b0\u01a1ng, tuy\u00ea\u0309n sinh \u0111a\u0323i ho\u0323c y, tuyen sinh dai hoc y","publisher":{"@id":"https:\/\/tuyensinh.hmtu.edu.vn\/#organization"},"alternateName":"Trang tuy\u00ea\u0309n sinh tr\u01b0\u01a1\u0300ng \u0110a\u0323i ho\u0323c Ky\u0303 thu\u00e2\u0323t Y t\u00ea\u0301 Ha\u0309i D\u01b0\u01a1ng","potentialAction":[{"@type":"SearchAction","target":{"@type":"EntryPoint","urlTemplate":"https:\/\/tuyensinh.hmtu.edu.vn\/?s={search_term_string}"},"query-input":{"@type":"PropertyValueSpecification","valueRequired":true,"valueName":"search_term_string"}}],"inLanguage":"vi"},{"@type":"Organization","@id":"https:\/\/tuyensinh.hmtu.edu.vn\/#organization","name":"Tuy\u00ea\u0309n sinh tr\u01b0\u01a1\u0300ng \u0110H Ky\u0303 thu\u00e2\u0323t Y t\u00ea\u0301 Ha\u0309i D\u01b0\u01a1ng","url":"https:\/\/tuyensinh.hmtu.edu.vn\/","logo":{"@type":"ImageObject","inLanguage":"vi","@id":"https:\/\/tuyensinh.hmtu.edu.vn\/#\/schema\/logo\/image\/","url":"https:\/\/tuyensinh.hmtu.edu.vn\/wp-content\/uploads\/2024\/05\/logo-hien-thi-gui-link-10.jpg","contentUrl":"https:\/\/tuyensinh.hmtu.edu.vn\/wp-content\/uploads\/2024\/05\/logo-hien-thi-gui-link-10.jpg","width":592,"height":220,"caption":"Tuy\u00ea\u0309n sinh tr\u01b0\u01a1\u0300ng \u0110H Ky\u0303 thu\u00e2\u0323t Y t\u00ea\u0301 Ha\u0309i D\u01b0\u01a1ng"},"image":{"@id":"https:\/\/tuyensinh.hmtu.edu.vn\/#\/schema\/logo\/image\/"}}]}},"_links":{"self":[{"href":"https:\/\/tuyensinh.hmtu.edu.vn\/index.php?rest_route=\/wp\/v2\/pages\/12865","targetHints":{"allow":["GET"]}}],"collection":[{"href":"https:\/\/tuyensinh.hmtu.edu.vn\/index.php?rest_route=\/wp\/v2\/pages"}],"about":[{"href":"https:\/\/tuyensinh.hmtu.edu.vn\/index.php?rest_route=\/wp\/v2\/types\/page"}],"author":[{"embeddable":true,"href":"https:\/\/tuyensinh.hmtu.edu.vn\/index.php?rest_route=\/wp\/v2\/users\/3"}],"replies":[{"embeddable":true,"href":"https:\/\/tuyensinh.hmtu.edu.vn\/index.php?rest_route=%2Fwp%2Fv2%2Fcomments&post=12865"}],"version-history":[{"count":37,"href":"https:\/\/tuyensinh.hmtu.edu.vn\/index.php?rest_route=\/wp\/v2\/pages\/12865\/revisions"}],"predecessor-version":[{"id":13012,"href":"https:\/\/tuyensinh.hmtu.edu.vn\/index.php?rest_route=\/wp\/v2\/pages\/12865\/revisions\/13012"}],"wp:attachment":[{"href":"https:\/\/tuyensinh.hmtu.edu.vn\/index.php?rest_route=%2Fwp%2Fv2%2Fmedia&parent=12865"}],"curies":[{"name":"wp","href":"https:\/\/api.w.org\/{rel}","templated":true}]}}