{"id":12891,"date":"2026-04-07T22:15:09","date_gmt":"2026-04-07T15:15:09","guid":{"rendered":"https:\/\/tuyensinh.hmtu.edu.vn\/?page_id=12891"},"modified":"2026-04-07T22:52:56","modified_gmt":"2026-04-07T15:52:56","slug":"dao-tao-theo-nhu-cau-xh-ngan-han","status":"publish","type":"page","link":"https:\/\/tuyensinh.hmtu.edu.vn\/?page_id=12891","title":{"rendered":"\u0110a\u0300o ta\u0323o theo nhu c\u00e2\u0300u XH-Ng\u0103\u0301n ha\u0323n"},"content":{"rendered":"\t\t<div data-elementor-type=\"wp-page\" data-elementor-id=\"12891\" class=\"elementor elementor-12891\" data-elementor-post-type=\"page\">\n\t\t\t\t\t\t<section data-particle_enable=\"false\" data-particle-mobile-disabled=\"false\" class=\"elementor-section elementor-top-section elementor-element elementor-element-2f5bdf6 elementor-section-boxed elementor-section-height-default elementor-section-height-default\" data-id=\"2f5bdf6\" data-element_type=\"section\">\n\t\t\t\t\t\t<div class=\"elementor-container elementor-column-gap-no\">\n\t\t\t\t\t<div class=\"elementor-column elementor-col-100 elementor-top-column elementor-element elementor-element-fdd9fe2\" data-id=\"fdd9fe2\" data-element_type=\"column\">\n\t\t\t<div class=\"elementor-widget-wrap elementor-element-populated\">\n\t\t\t\t\t\t<div class=\"elementor-element elementor-element-ee1df1a elementor-widget-divider--view-line_text elementor-widget-divider--element-align-center elementor-widget elementor-widget-divider\" data-id=\"ee1df1a\" data-element_type=\"widget\" data-widget_type=\"divider.default\">\n\t\t\t\t<div class=\"elementor-widget-container\">\n\t\t\t\t\t\t\t<div class=\"elementor-divider\">\n\t\t\t<span class=\"elementor-divider-separator\">\n\t\t\t\t\t\t\t<span class=\"elementor-divider__text elementor-divider__element\">\n\t\t\t\tTIN T\u01af\u0301C \u0110A\u0300O TA\u0323O THEO NHU C\u00c2\u0300U XA\u0303 H\u00d4\u0323I\/\u0110A\u0300O TA\u0323O NG\u0102\u0301N HA\u0323N\t\t\t\t<\/span>\n\t\t\t\t\t\t<\/span>\n\t\t<\/div>\n\t\t\t\t\t\t<\/div>\n\t\t\t\t<\/div>\n\t\t\t\t\t<\/div>\n\t\t<\/div>\n\t\t\t\t\t<\/div>\n\t\t<\/section>\n\t\t\t\t<section data-particle_enable=\"false\" data-particle-mobile-disabled=\"false\" class=\"elementor-section elementor-top-section elementor-element elementor-element-5b395b1 elementor-section-boxed elementor-section-height-default elementor-section-height-default\" data-id=\"5b395b1\" data-element_type=\"section\" data-settings=\"{&quot;background_background&quot;:&quot;classic&quot;}\">\n\t\t\t\t\t\t<div class=\"elementor-container elementor-column-gap-default\">\n\t\t\t\t\t<div class=\"elementor-column elementor-col-100 elementor-top-column elementor-element elementor-element-6fc772d\" data-id=\"6fc772d\" data-element_type=\"column\">\n\t\t\t<div class=\"elementor-widget-wrap elementor-element-populated\">\n\t\t\t\t\t\t<div class=\"elementor-element elementor-element-96d67d6 elementor-widget elementor-widget-wp-widget-listcategorypostswidget\" data-id=\"96d67d6\" data-element_type=\"widget\" data-widget_type=\"wp-widget-listcategorypostswidget.default\">\n\t\t\t\t<div class=\"elementor-widget-container\">\n\t\t\t\t\t<h5> <\/h5><ul class=\"lcp_catlist\" id=\"lcp_instance_listcategorypostswidget-REPLACE_TO_ID\"><li><a href=\"https:\/\/tuyensinh.hmtu.edu.vn\/?p=13071\">Th\u00f4ng ba\u0301o tuy\u00ea\u0309n sinh li\u00ean tu\u0323c ca\u0301c l\u01a1\u0301p nga\u0300nh Phu\u0323c h\u00f4\u0300i ch\u01b0\u0301c n\u0103ng (S\u00f4\u0301 262\/\u0110HKTYTHD-TTNC&#038;\u0110T)<\/a>  14\/04\/2026<\/li><li><a href=\"https:\/\/tuyensinh.hmtu.edu.vn\/?p=12848\">Th\u00f4ng ba\u0301o tuy\u00ea\u0309n sinh l\u01a1\u0301p \u201cKy\u0303 thu\u00e2\u0323t xe\u0301t nghi\u00ea\u0323m y ho\u0323c c\u01a1 ba\u0309n\u201d (S\u00f4\u0301 238\/\u0110HKTYTHD-TTNC&#038;\u0110T)<\/a>  06\/04\/2026<\/li><li><a href=\"https:\/\/tuyensinh.hmtu.edu.vn\/?p=12728\">Khai gi\u1ea3ng l\u1edbp k\u1ef9 thu\u1eadt ch\u1ee5p c\u1ed9ng h\u01b0\u1edfng t\u1eeb<\/a>  08\/03\/2026<\/li><li><a href=\"https:\/\/tuyensinh.hmtu.edu.vn\/?p=12699\">Th\u00f4ng ba\u0301o s\u00f4\u0301 145\/\u0110HKTYTHD-TTNC&#038;\u0110T v\u00ea\u0300 vi\u00ea\u0323c tuy\u00ea\u0309n sinh l\u01a1\u0301p \u201cCh\u0103m so\u0301c phu\u0323c h\u00f4\u0300i ch\u01b0\u0301c n\u0103ng s\u01a1\u0301m m\u00f4\u0323t s\u00f4\u0301 b\u00ea\u0323nh t\u00f4\u0309n th\u01b0\u01a1ng th\u00e2\u0300n kinh trung \u01b0\u01a1ng\u201d<\/a>  04\/03\/2026<\/li><li><a href=\"https:\/\/tuyensinh.hmtu.edu.vn\/?p=12587\">Th\u00f4ng ba\u0301o s\u00f4\u0301 103\/\u0110HKTYTHD-TTNC&#038;\u0110T v\u00ea\u0300 vi\u00ea\u0323c tuy\u00ea\u0309n sinh l\u01a1\u0301p \u201c\u0110i\u00ea\u0300u d\u01b0\u01a1\u0303ng chuy\u00ean nga\u0300nh Nha khoa\u201d<\/a>  07\/02\/2026<\/li><li><a href=\"https:\/\/tuyensinh.hmtu.edu.vn\/?p=12581\">Th\u00f4ng ba\u0301o s\u00f4\u0301 102\/\u0110HKTYTHD-TTNC&#038;\u0110T v\u00ea\u0300 vi\u00ea\u0323c tuy\u00ea\u0309n sinh l\u01a1\u0301p \u201c\u0110i\u00ea\u0300u d\u01b0\u01a1\u0303ng chuy\u00ean nga\u0300nh G\u00e2y m\u00ea h\u00f4\u0300i s\u01b0\u0301c\u201d<\/a>  07\/02\/2026<\/li><li><a href=\"https:\/\/tuyensinh.hmtu.edu.vn\/?p=12435\">Th\u00f4ng b\u00e1o v\u00ea\u0300 vi\u00ea\u0323c kh\u1ea3o s\u00e1t nhu c\u1ea7u h\u1ecdc t\u1eadp tr\u00ecnh \u0111\u1ed9 cao \u0111\u1eb3ng ng\u00e0nh \u0110i\u1ec1u d\u01b0\u1ee1ng v\u00e0 H\u1ed9 sinh n\u0103m 2026.<\/a>  13\/01\/2026<\/li><li><a href=\"https:\/\/tuyensinh.hmtu.edu.vn\/?p=12112\">Th\u00f4ng ba\u0301o s\u00f4\u0301 967\/\u0110HKTYTHD-TTNC&#038;\u0110T v\u00ea\u0300 vi\u00ea\u0323c tuy\u00ea\u0309n sinh \u0111a\u0300o ta\u0323o li\u00ean tu\u0323c ca\u0301c l\u01a1\u0301p n\u0103m 2026<\/a>  06\/01\/2026<\/li><li><a href=\"https:\/\/tuyensinh.hmtu.edu.vn\/?p=12074\">Th\u00f4ng ba\u0301o s\u00f4\u0301 970\/\u0110HKTYTHD-TTNC&#038;\u0110T v\u00ea\u0300 vi\u00ea\u0323c tuy\u00ea\u0309n sinh l\u01a1\u0301p \u201cAn toa\u0300n sinh ho\u0323c pho\u0300ng xe\u0301t nghi\u00ea\u0323m \u2013 An toa\u0300n sinh ho\u0323c c\u00e2\u0301p II\u201d<\/a>  27\/12\/2025<\/li><li><a href=\"https:\/\/tuyensinh.hmtu.edu.vn\/?p=12028\">Th\u00f4ng ba\u0301o m\u01a1\u0309 l\u01a1\u0301p ng\u0103\u0301n ha\u0323n: \u201cCh\u0103m so\u0301c phu\u0323c h\u00f4\u0300i ch\u01b0\u0301c n\u0103ng s\u01a1\u0301m m\u00f4\u0323t s\u00f4\u0301 b\u00ea\u0323nh t\u00f4\u0309n th\u01b0\u01a1ng th\u00e2\u0300n kinh trung \u01b0\u01a1ng\u201d<\/a>  09\/12\/2025<\/li><li><a href=\"https:\/\/tuyensinh.hmtu.edu.vn\/?p=11500\">Th\u00f4ng ba\u0301o m\u01a1\u0309 l\u01a1\u0301p ng\u0103\u0301n ha\u0323n: Hoa\u0323t \u0111\u00f4\u0323ng tri\u0323 li\u00ea\u0323u c\u01a1 ba\u0309n; Ng\u00f4n ng\u01b0\u0303 tri\u0323 li\u00ea\u0323u c\u01a1 ba\u0309n; Hoa\u0323t \u0111\u00f4\u0323ng tri\u0323 li\u00ea\u0323u cho ng\u01b0\u01a1\u0300i b\u00ea\u0323nh r\u00f4\u0301i loa\u0323n nh\u00e2\u0323n th\u01b0\u0301c<\/a>  04\/11\/2025<\/li><li><a href=\"https:\/\/tuyensinh.hmtu.edu.vn\/?p=11038\">Th\u00f4ng ba\u0301o s\u00f4\u0301 572\/\u0110HKTYTHD v\u00ea\u0300 vi\u00ea\u0323c tuy\u00ea\u0309n sinh l\u01a1\u0301p \u201cVLTL cho ng\u01b0\u01a1\u0300i b\u00ea\u0323nh thoa\u0301i ho\u0301a c\u00f4\u0323t s\u00f4\u0301ng c\u00f4\u0309 va\u0300 t\u00f4\u0309n th\u01b0\u01a1ng vai\u201d<\/a>  14\/08\/2025<\/li><li><a href=\"https:\/\/tuyensinh.hmtu.edu.vn\/?p=10390\">T\u1ed5 ch\u1ee9c th\u00e0nh c\u00f4ng kh\u00f3a \u0111\u00e0o t\u1ea1o CME qu\u1ea3n l\u00fd b\u1ec7nh vi\u1ec7n<\/a>  12\/06\/2025<\/li><li><a href=\"https:\/\/tuyensinh.hmtu.edu.vn\/?p=10116\">Th\u00f4ng ba\u0301o s\u00f4\u0301 364\/\u0110HKTYTHD-TTNC&#038;\u0110T v\u00ea\u0300 vi\u00ea\u0323c t\u00f4\u0309 ch\u01b0\u0301c ca\u0301c l\u01a1\u0301p: C\u00e2\u0323p nh\u00e2\u0323t \u0111i\u00ea\u0300u tri\u0323 b\u00ea\u0323nh ph\u00f4\u0309i t\u0103\u0301c nghe\u0303n ma\u0323n ti\u0301nh va\u0300 hen ph\u00ea\u0301 qua\u0309n; Qua\u0309n ly\u0301 b\u00ea\u0323nh vi\u00ea\u0323n<\/a>  31\/05\/2025<\/li><li><a href=\"https:\/\/tuyensinh.hmtu.edu.vn\/?p=10093\">Ti\u1ebfp t\u1ee5c tri\u1ec3n khai kh\u00f3a \u0111\u00e0o t\u1ea1o CME  ch\u1ea9n \u0111o\u00e1n v\u00e0 \u0111i\u1ec1u tr\u1ecb b\u1ec7nh \u0111\u00e1i th\u00e1o \u0111\u01b0\u1eddng<\/a>  30\/05\/2025<\/li><li><a href=\"https:\/\/tuyensinh.hmtu.edu.vn\/?p=9950\">Th\u00f4ng ba\u0301o s\u00f4\u0301 343 -TTNC&#038;\u0110T v\u00ea\u0300 vi\u00ea\u0323c t\u00f4\u0309 ch\u01b0\u0301c ca\u0301c l\u01a1\u0301p: Ch\u00e2\u0309n \u0111oa\u0301n va\u0300 \u0111i\u00ea\u0300u tri\u0323 b\u00ea\u0323nh \u0111a\u0301o tha\u0301o \u0111\u01b0\u01a1\u0300ng; An toa\u0300n sinh ho\u0323c trong pho\u0300ng xe\u0301t nghi\u00ea\u0323m An toa\u0300n sinh ho\u0323c c\u00e2\u0301p II<\/a>  24\/05\/2025<\/li><\/ul><ul class='lcp_paginator'><li class='lcp_currentpage'>1<\/li><li><a href='https:\/\/tuyensinh.hmtu.edu.vn\/index.php?rest_route=%2Fwp%2Fv2%2Fpages%2F12891&#038;lcp_pagelistcategorypostswidget-REPLACE_TO_ID=2#lcp_instance_listcategorypostswidget-REPLACE_TO_ID' title='2'>2<\/a><\/li><li><a href='https:\/\/tuyensinh.hmtu.edu.vn\/index.php?rest_route=%2Fwp%2Fv2%2Fpages%2F12891&#038;lcp_pagelistcategorypostswidget-REPLACE_TO_ID=3#lcp_instance_listcategorypostswidget-REPLACE_TO_ID' title='3'>3<\/a><\/li><li><a href='https:\/\/tuyensinh.hmtu.edu.vn\/index.php?rest_route=%2Fwp%2Fv2%2Fpages%2F12891&#038;lcp_pagelistcategorypostswidget-REPLACE_TO_ID=2#lcp_instance_listcategorypostswidget-REPLACE_TO_ID' title='2' class='lcp_nextlink'>&gt;&gt;<\/a><\/li><\/ul>\t\t\t\t<\/div>\n\t\t\t\t<\/div>\n\t\t\t\t\t<\/div>\n\t\t<\/div>\n\t\t\t\t\t<\/div>\n\t\t<\/section>\n\t\t\t\t<\/div>\n\t\t","protected":false},"excerpt":{"rendered":"<p>TIN T\u01af\u0301C \u0110A\u0300O TA\u0323O THEO NHU C\u00c2\u0300U XA\u0303 H\u00d4\u0323I\/\u0110A\u0300O TA\u0323O NG\u0102\u0301N HA\u0323N<\/p>\n","protected":false},"author":3,"featured_media":0,"parent":0,"menu_order":0,"comment_status":"closed","ping_status":"closed","template":"","meta":{"footnotes":""},"class_list":["post-12891","page","type-page","status-publish","hentry"],"yoast_head":"<!-- This site is optimized with the Yoast SEO plugin v27.2 - https:\/\/yoast.com\/product\/yoast-seo-wordpress\/ -->\n<title>\u0110a\u0300o ta\u0323o theo nhu c\u00e2\u0300u XH-Ng\u0103\u0301n ha\u0323n - Tuy\u00ea\u0309n sinh tr\u01b0\u01a1\u0300ng \u0110H Ky\u0303 thu\u00e2\u0323t Y t\u00ea\u0301 Ha\u0309i D\u01b0\u01a1ng, tuy\u00ea\u0309n sinh \u0111a\u0323i ho\u0323c y, tuyen sinh dai hoc y<\/title>\n<meta name=\"robots\" content=\"index, follow, max-snippet:-1, max-image-preview:large, max-video-preview:-1\" \/>\n<link rel=\"canonical\" href=\"https:\/\/tuyensinh.hmtu.edu.vn\/?page_id=12891\" \/>\n<meta property=\"og:locale\" content=\"vi_VN\" \/>\n<meta property=\"og:type\" content=\"article\" \/>\n<meta property=\"og:title\" content=\"\u0110a\u0300o ta\u0323o theo nhu c\u00e2\u0300u XH-Ng\u0103\u0301n ha\u0323n - Tuy\u00ea\u0309n sinh tr\u01b0\u01a1\u0300ng \u0110H Ky\u0303 thu\u00e2\u0323t Y t\u00ea\u0301 Ha\u0309i D\u01b0\u01a1ng, tuy\u00ea\u0309n sinh \u0111a\u0323i ho\u0323c y, tuyen sinh dai hoc y\" \/>\n<meta property=\"og:description\" content=\"TIN T\u01af\u0301C \u0110A\u0300O TA\u0323O THEO NHU C\u00c2\u0300U XA\u0303 H\u00d4\u0323I\/\u0110A\u0300O TA\u0323O NG\u0102\u0301N HA\u0323N\" \/>\n<meta property=\"og:url\" content=\"https:\/\/tuyensinh.hmtu.edu.vn\/?page_id=12891\" \/>\n<meta property=\"og:site_name\" content=\"Tuy\u00ea\u0309n sinh tr\u01b0\u01a1\u0300ng \u0110H Ky\u0303 thu\u00e2\u0323t Y t\u00ea\u0301 Ha\u0309i D\u01b0\u01a1ng, tuy\u00ea\u0309n sinh \u0111a\u0323i ho\u0323c y, tuyen sinh dai hoc y\" \/>\n<meta property=\"article:modified_time\" content=\"2026-04-07T15:52:56+00:00\" \/>\n<meta property=\"og:image\" content=\"https:\/\/tuyensinh.hmtu.edu.vn\/wp-content\/uploads\/2024\/05\/logo-hien-thi-gui-link-10.jpg\" \/>\n\t<meta property=\"og:image:width\" content=\"592\" \/>\n\t<meta property=\"og:image:height\" content=\"220\" \/>\n\t<meta property=\"og:image:type\" content=\"image\/jpeg\" \/>\n<meta name=\"twitter:card\" content=\"summary_large_image\" \/>\n<meta name=\"twitter:label1\" content=\"\u01af\u1edbc t\u00ednh th\u1eddi gian \u0111\u1ecdc\" \/>\n\t<meta name=\"twitter:data1\" content=\"2 ph\u00fat\" \/>\n<script type=\"application\/ld+json\" class=\"yoast-schema-graph\">{\"@context\":\"https:\/\/schema.org\",\"@graph\":[{\"@type\":\"WebPage\",\"@id\":\"https:\/\/tuyensinh.hmtu.edu.vn\/?page_id=12891\",\"url\":\"https:\/\/tuyensinh.hmtu.edu.vn\/?page_id=12891\",\"name\":\"\u0110a\u0300o ta\u0323o theo nhu c\u00e2\u0300u XH-Ng\u0103\u0301n ha\u0323n - Tuy\u00ea\u0309n sinh tr\u01b0\u01a1\u0300ng \u0110H Ky\u0303 thu\u00e2\u0323t Y t\u00ea\u0301 Ha\u0309i D\u01b0\u01a1ng, tuy\u00ea\u0309n sinh \u0111a\u0323i ho\u0323c y, tuyen sinh dai hoc y\",\"isPartOf\":{\"@id\":\"https:\/\/tuyensinh.hmtu.edu.vn\/#website\"},\"datePublished\":\"2026-04-07T15:15:09+00:00\",\"dateModified\":\"2026-04-07T15:52:56+00:00\",\"breadcrumb\":{\"@id\":\"https:\/\/tuyensinh.hmtu.edu.vn\/?page_id=12891#breadcrumb\"},\"inLanguage\":\"vi\",\"potentialAction\":[{\"@type\":\"ReadAction\",\"target\":[\"https:\/\/tuyensinh.hmtu.edu.vn\/?page_id=12891\"]}]},{\"@type\":\"BreadcrumbList\",\"@id\":\"https:\/\/tuyensinh.hmtu.edu.vn\/?page_id=12891#breadcrumb\",\"itemListElement\":[{\"@type\":\"ListItem\",\"position\":1,\"name\":\"Trang ch\u1ee7\",\"item\":\"https:\/\/tuyensinh.hmtu.edu.vn\/\"},{\"@type\":\"ListItem\",\"position\":2,\"name\":\"\u0110a\u0300o ta\u0323o theo nhu c\u00e2\u0300u XH-Ng\u0103\u0301n ha\u0323n\"}]},{\"@type\":\"WebSite\",\"@id\":\"https:\/\/tuyensinh.hmtu.edu.vn\/#website\",\"url\":\"https:\/\/tuyensinh.hmtu.edu.vn\/\",\"name\":\"Tuy\u00ea\u0309n sinh tr\u01b0\u01a1\u0300ng \u0110H Ky\u0303 thu\u00e2\u0323t Y t\u00ea\u0301 Ha\u0309i D\u01b0\u01a1ng\",\"description\":\"Trang th\u00f4ng tin tuy\u00ea\u0309n sinh tr\u01b0\u01a1\u0300ng \u0111a\u0323i ho\u0323c ky\u0303 thu\u00e2\u0323t y t\u00ea\u0301 Ha\u0309i D\u01b0\u01a1ng, tuy\u00ea\u0309n sinh \u0111a\u0323i ho\u0323c y, tuyen sinh dai hoc y\",\"publisher\":{\"@id\":\"https:\/\/tuyensinh.hmtu.edu.vn\/#organization\"},\"alternateName\":\"Trang tuy\u00ea\u0309n sinh tr\u01b0\u01a1\u0300ng \u0110a\u0323i ho\u0323c Ky\u0303 thu\u00e2\u0323t Y t\u00ea\u0301 Ha\u0309i D\u01b0\u01a1ng\",\"potentialAction\":[{\"@type\":\"SearchAction\",\"target\":{\"@type\":\"EntryPoint\",\"urlTemplate\":\"https:\/\/tuyensinh.hmtu.edu.vn\/?s={search_term_string}\"},\"query-input\":{\"@type\":\"PropertyValueSpecification\",\"valueRequired\":true,\"valueName\":\"search_term_string\"}}],\"inLanguage\":\"vi\"},{\"@type\":\"Organization\",\"@id\":\"https:\/\/tuyensinh.hmtu.edu.vn\/#organization\",\"name\":\"Tuy\u00ea\u0309n sinh tr\u01b0\u01a1\u0300ng \u0110H Ky\u0303 thu\u00e2\u0323t Y t\u00ea\u0301 Ha\u0309i D\u01b0\u01a1ng\",\"url\":\"https:\/\/tuyensinh.hmtu.edu.vn\/\",\"logo\":{\"@type\":\"ImageObject\",\"inLanguage\":\"vi\",\"@id\":\"https:\/\/tuyensinh.hmtu.edu.vn\/#\/schema\/logo\/image\/\",\"url\":\"https:\/\/tuyensinh.hmtu.edu.vn\/wp-content\/uploads\/2024\/05\/logo-hien-thi-gui-link-10.jpg\",\"contentUrl\":\"https:\/\/tuyensinh.hmtu.edu.vn\/wp-content\/uploads\/2024\/05\/logo-hien-thi-gui-link-10.jpg\",\"width\":592,\"height\":220,\"caption\":\"Tuy\u00ea\u0309n sinh tr\u01b0\u01a1\u0300ng \u0110H Ky\u0303 thu\u00e2\u0323t Y t\u00ea\u0301 Ha\u0309i D\u01b0\u01a1ng\"},\"image\":{\"@id\":\"https:\/\/tuyensinh.hmtu.edu.vn\/#\/schema\/logo\/image\/\"}}]}<\/script>\n<!-- \/ Yoast SEO plugin. -->","yoast_head_json":{"title":"\u0110a\u0300o ta\u0323o theo nhu c\u00e2\u0300u XH-Ng\u0103\u0301n ha\u0323n - Tuy\u00ea\u0309n sinh tr\u01b0\u01a1\u0300ng \u0110H Ky\u0303 thu\u00e2\u0323t Y t\u00ea\u0301 Ha\u0309i D\u01b0\u01a1ng, tuy\u00ea\u0309n sinh \u0111a\u0323i ho\u0323c y, tuyen sinh dai hoc y","robots":{"index":"index","follow":"follow","max-snippet":"max-snippet:-1","max-image-preview":"max-image-preview:large","max-video-preview":"max-video-preview:-1"},"canonical":"https:\/\/tuyensinh.hmtu.edu.vn\/?page_id=12891","og_locale":"vi_VN","og_type":"article","og_title":"\u0110a\u0300o ta\u0323o theo nhu c\u00e2\u0300u XH-Ng\u0103\u0301n ha\u0323n - Tuy\u00ea\u0309n sinh tr\u01b0\u01a1\u0300ng \u0110H Ky\u0303 thu\u00e2\u0323t Y t\u00ea\u0301 Ha\u0309i D\u01b0\u01a1ng, tuy\u00ea\u0309n sinh \u0111a\u0323i ho\u0323c y, tuyen sinh dai hoc y","og_description":"TIN T\u01af\u0301C \u0110A\u0300O TA\u0323O THEO NHU C\u00c2\u0300U XA\u0303 H\u00d4\u0323I\/\u0110A\u0300O TA\u0323O NG\u0102\u0301N HA\u0323N","og_url":"https:\/\/tuyensinh.hmtu.edu.vn\/?page_id=12891","og_site_name":"Tuy\u00ea\u0309n sinh tr\u01b0\u01a1\u0300ng \u0110H Ky\u0303 thu\u00e2\u0323t Y t\u00ea\u0301 Ha\u0309i D\u01b0\u01a1ng, tuy\u00ea\u0309n sinh \u0111a\u0323i ho\u0323c y, tuyen sinh dai hoc y","article_modified_time":"2026-04-07T15:52:56+00:00","og_image":[{"width":592,"height":220,"url":"https:\/\/tuyensinh.hmtu.edu.vn\/wp-content\/uploads\/2024\/05\/logo-hien-thi-gui-link-10.jpg","type":"image\/jpeg"}],"twitter_card":"summary_large_image","twitter_misc":{"\u01af\u1edbc t\u00ednh th\u1eddi gian \u0111\u1ecdc":"2 ph\u00fat"},"schema":{"@context":"https:\/\/schema.org","@graph":[{"@type":"WebPage","@id":"https:\/\/tuyensinh.hmtu.edu.vn\/?page_id=12891","url":"https:\/\/tuyensinh.hmtu.edu.vn\/?page_id=12891","name":"\u0110a\u0300o ta\u0323o theo nhu c\u00e2\u0300u XH-Ng\u0103\u0301n ha\u0323n - Tuy\u00ea\u0309n sinh tr\u01b0\u01a1\u0300ng \u0110H Ky\u0303 thu\u00e2\u0323t Y t\u00ea\u0301 Ha\u0309i D\u01b0\u01a1ng, tuy\u00ea\u0309n sinh \u0111a\u0323i ho\u0323c y, tuyen sinh dai hoc y","isPartOf":{"@id":"https:\/\/tuyensinh.hmtu.edu.vn\/#website"},"datePublished":"2026-04-07T15:15:09+00:00","dateModified":"2026-04-07T15:52:56+00:00","breadcrumb":{"@id":"https:\/\/tuyensinh.hmtu.edu.vn\/?page_id=12891#breadcrumb"},"inLanguage":"vi","potentialAction":[{"@type":"ReadAction","target":["https:\/\/tuyensinh.hmtu.edu.vn\/?page_id=12891"]}]},{"@type":"BreadcrumbList","@id":"https:\/\/tuyensinh.hmtu.edu.vn\/?page_id=12891#breadcrumb","itemListElement":[{"@type":"ListItem","position":1,"name":"Trang ch\u1ee7","item":"https:\/\/tuyensinh.hmtu.edu.vn\/"},{"@type":"ListItem","position":2,"name":"\u0110a\u0300o ta\u0323o theo nhu c\u00e2\u0300u XH-Ng\u0103\u0301n ha\u0323n"}]},{"@type":"WebSite","@id":"https:\/\/tuyensinh.hmtu.edu.vn\/#website","url":"https:\/\/tuyensinh.hmtu.edu.vn\/","name":"Tuy\u00ea\u0309n sinh tr\u01b0\u01a1\u0300ng \u0110H Ky\u0303 thu\u00e2\u0323t Y t\u00ea\u0301 Ha\u0309i D\u01b0\u01a1ng","description":"Trang th\u00f4ng tin tuy\u00ea\u0309n sinh tr\u01b0\u01a1\u0300ng \u0111a\u0323i ho\u0323c ky\u0303 thu\u00e2\u0323t y t\u00ea\u0301 Ha\u0309i D\u01b0\u01a1ng, tuy\u00ea\u0309n sinh \u0111a\u0323i ho\u0323c y, tuyen sinh dai hoc y","publisher":{"@id":"https:\/\/tuyensinh.hmtu.edu.vn\/#organization"},"alternateName":"Trang tuy\u00ea\u0309n sinh tr\u01b0\u01a1\u0300ng \u0110a\u0323i ho\u0323c Ky\u0303 thu\u00e2\u0323t Y t\u00ea\u0301 Ha\u0309i D\u01b0\u01a1ng","potentialAction":[{"@type":"SearchAction","target":{"@type":"EntryPoint","urlTemplate":"https:\/\/tuyensinh.hmtu.edu.vn\/?s={search_term_string}"},"query-input":{"@type":"PropertyValueSpecification","valueRequired":true,"valueName":"search_term_string"}}],"inLanguage":"vi"},{"@type":"Organization","@id":"https:\/\/tuyensinh.hmtu.edu.vn\/#organization","name":"Tuy\u00ea\u0309n sinh tr\u01b0\u01a1\u0300ng \u0110H Ky\u0303 thu\u00e2\u0323t Y t\u00ea\u0301 Ha\u0309i D\u01b0\u01a1ng","url":"https:\/\/tuyensinh.hmtu.edu.vn\/","logo":{"@type":"ImageObject","inLanguage":"vi","@id":"https:\/\/tuyensinh.hmtu.edu.vn\/#\/schema\/logo\/image\/","url":"https:\/\/tuyensinh.hmtu.edu.vn\/wp-content\/uploads\/2024\/05\/logo-hien-thi-gui-link-10.jpg","contentUrl":"https:\/\/tuyensinh.hmtu.edu.vn\/wp-content\/uploads\/2024\/05\/logo-hien-thi-gui-link-10.jpg","width":592,"height":220,"caption":"Tuy\u00ea\u0309n sinh tr\u01b0\u01a1\u0300ng \u0110H Ky\u0303 thu\u00e2\u0323t Y t\u00ea\u0301 Ha\u0309i D\u01b0\u01a1ng"},"image":{"@id":"https:\/\/tuyensinh.hmtu.edu.vn\/#\/schema\/logo\/image\/"}}]}},"_links":{"self":[{"href":"https:\/\/tuyensinh.hmtu.edu.vn\/index.php?rest_route=\/wp\/v2\/pages\/12891","targetHints":{"allow":["GET"]}}],"collection":[{"href":"https:\/\/tuyensinh.hmtu.edu.vn\/index.php?rest_route=\/wp\/v2\/pages"}],"about":[{"href":"https:\/\/tuyensinh.hmtu.edu.vn\/index.php?rest_route=\/wp\/v2\/types\/page"}],"author":[{"embeddable":true,"href":"https:\/\/tuyensinh.hmtu.edu.vn\/index.php?rest_route=\/wp\/v2\/users\/3"}],"replies":[{"embeddable":true,"href":"https:\/\/tuyensinh.hmtu.edu.vn\/index.php?rest_route=%2Fwp%2Fv2%2Fcomments&post=12891"}],"version-history":[{"count":25,"href":"https:\/\/tuyensinh.hmtu.edu.vn\/index.php?rest_route=\/wp\/v2\/pages\/12891\/revisions"}],"predecessor-version":[{"id":12916,"href":"https:\/\/tuyensinh.hmtu.edu.vn\/index.php?rest_route=\/wp\/v2\/pages\/12891\/revisions\/12916"}],"wp:attachment":[{"href":"https:\/\/tuyensinh.hmtu.edu.vn\/index.php?rest_route=%2Fwp%2Fv2%2Fmedia&parent=12891"}],"curies":[{"name":"wp","href":"https:\/\/api.w.org\/{rel}","templated":true}]}}