{"id":2365,"date":"2024-03-30T09:00:01","date_gmt":"2024-03-30T02:00:01","guid":{"rendered":"https:\/\/tuyensinh.hmtu.edu.vn\/?page_id=2365"},"modified":"2025-03-24T21:58:39","modified_gmt":"2025-03-24T14:58:39","slug":"tu-van-tuyen-sinh","status":"publish","type":"page","link":"https:\/\/tuyensinh.hmtu.edu.vn\/?page_id=2365","title":{"rendered":"T\u01b0 v\u00e2\u0301n tuy\u00ea\u0309n sinh"},"content":{"rendered":"\t\t<div data-elementor-type=\"wp-page\" data-elementor-id=\"2365\" class=\"elementor elementor-2365\" data-elementor-post-type=\"page\">\n\t\t\t\t\t\t<section data-particle_enable=\"false\" data-particle-mobile-disabled=\"false\" class=\"elementor-section elementor-top-section elementor-element elementor-element-f0c4d40 elementor-section-full_width elementor-section-height-default elementor-section-height-default\" data-id=\"f0c4d40\" data-element_type=\"section\">\n\t\t\t\t\t\t<div class=\"elementor-container elementor-column-gap-no\">\n\t\t\t\t\t<div class=\"elementor-column elementor-col-100 elementor-top-column elementor-element elementor-element-81b04fd\" data-id=\"81b04fd\" data-element_type=\"column\">\n\t\t\t<div class=\"elementor-widget-wrap elementor-element-populated\">\n\t\t\t\t\t\t<div class=\"elementor-element elementor-element-7663a12 elementor-widget-divider--view-line_text elementor-widget-divider--element-align-center elementor-widget elementor-widget-divider\" data-id=\"7663a12\" data-element_type=\"widget\" data-widget_type=\"divider.default\">\n\t\t\t\t<div class=\"elementor-widget-container\">\n\t\t\t\t\t\t\t<div class=\"elementor-divider\">\n\t\t\t<span class=\"elementor-divider-separator\">\n\t\t\t\t\t\t\t<span class=\"elementor-divider__text elementor-divider__element\">\n\t\t\t\tT\u01af V\u00c2\u0301N TUY\u00ca\u0309N SINH\t\t\t\t<\/span>\n\t\t\t\t\t\t<\/span>\n\t\t<\/div>\n\t\t\t\t\t\t<\/div>\n\t\t\t\t<\/div>\n\t\t\t\t\t<\/div>\n\t\t<\/div>\n\t\t\t\t\t<\/div>\n\t\t<\/section>\n\t\t\t\t<section data-particle_enable=\"false\" data-particle-mobile-disabled=\"false\" class=\"elementor-section elementor-top-section elementor-element elementor-element-51b50fb elementor-section-full_width elementor-section-height-default elementor-section-height-default\" data-id=\"51b50fb\" data-element_type=\"section\" data-settings=\"{&quot;background_background&quot;:&quot;classic&quot;}\">\n\t\t\t\t\t\t<div class=\"elementor-container elementor-column-gap-custom\">\n\t\t\t\t\t<div class=\"elementor-column elementor-col-50 elementor-top-column elementor-element elementor-element-908ec21\" data-id=\"908ec21\" data-element_type=\"column\">\n\t\t\t<div class=\"elementor-widget-wrap elementor-element-populated\">\n\t\t\t\t\t\t<div class=\"elementor-element elementor-element-a02c919 elementor-widget elementor-widget-text-editor\" data-id=\"a02c919\" data-element_type=\"widget\" data-widget_type=\"text-editor.default\">\n\t\t\t\t<div class=\"elementor-widget-container\">\n\t\t\t\t\t\t\t\t\t<p style=\"text-align: justify;\"><span style=\"color: #000000; font-size: 100%; font-family: tahoma, arial, helvetica, sans-serif;\"><br><\/span><\/p><p style=\"text-align: justify;\"><span style=\"color: #000000; font-size: 100%; font-family: tahoma, arial, helvetica, sans-serif;\"><img decoding=\"async\" class=\"alignnone wp-image-2858\" src=\"https:\/\/tuyensinh.hmtu.edu.vn\/wp-content\/uploads\/2024\/04\/icon-dau-tick-2.png\" alt=\"\" width=\"18\" height=\"18\" srcset=\"https:\/\/tuyensinh.hmtu.edu.vn\/wp-content\/uploads\/2024\/04\/icon-dau-tick-2.png 225w, https:\/\/tuyensinh.hmtu.edu.vn\/wp-content\/uploads\/2024\/04\/icon-dau-tick-2-150x150.png 150w, https:\/\/tuyensinh.hmtu.edu.vn\/wp-content\/uploads\/2024\/04\/icon-dau-tick-2-45x45.png 45w\" sizes=\"(max-width: 18px) 100vw, 18px\" \/> Thi\u0301 sinh co\u0301 th\u00ea\u0309 \u0111\u0103\u0323t ca\u0301c c\u00e2u ho\u0309i v\u00ea\u0300 tuy\u00ea\u0309n sinh \u0110a\u0323i ho\u0323c chi\u0301nh quy, sau \u0111a\u0323i ho\u0323c, ca\u0301c l\u01a1\u0301p ng\u0103\u0301n ha\u0323n ho\u0103\u0323c b\u00e2\u0301t ky\u0300 v\u00e2\u0301n \u0111\u00ea\u0300 na\u0300o li\u00ean quan kha\u0301c.<\/span><\/p>\n<p style=\"text-align: justify;\"><span style=\"color: #000000; font-size: 100%; font-family: tahoma, arial, helvetica, sans-serif;\"><img decoding=\"async\" class=\"alignnone wp-image-2858\" src=\"https:\/\/tuyensinh.hmtu.edu.vn\/wp-content\/uploads\/2024\/04\/icon-dau-tick-2.png\" alt=\"\" width=\"18\" height=\"18\" srcset=\"https:\/\/tuyensinh.hmtu.edu.vn\/wp-content\/uploads\/2024\/04\/icon-dau-tick-2.png 225w, https:\/\/tuyensinh.hmtu.edu.vn\/wp-content\/uploads\/2024\/04\/icon-dau-tick-2-150x150.png 150w, https:\/\/tuyensinh.hmtu.edu.vn\/wp-content\/uploads\/2024\/04\/icon-dau-tick-2-45x45.png 45w\" sizes=\"(max-width: 18px) 100vw, 18px\" \/> Thi\u0301 sinh vui lo\u0300ng cung c\u00e2\u0301p cho chu\u0301ng t\u00f4i \u0111\u00e2\u0300y \u0111u\u0309 th\u00f4ng tin va\u0300o Form na\u0300y<\/span><\/p>\n<p style=\"text-align: justify;\"><span style=\"color: #000000; font-size: 100%; font-family: tahoma, arial, helvetica, sans-serif;\"><img decoding=\"async\" class=\"alignnone wp-image-2858\" src=\"https:\/\/tuyensinh.hmtu.edu.vn\/wp-content\/uploads\/2024\/04\/icon-dau-tick-2.png\" alt=\"\" width=\"18\" height=\"18\" srcset=\"https:\/\/tuyensinh.hmtu.edu.vn\/wp-content\/uploads\/2024\/04\/icon-dau-tick-2.png 225w, https:\/\/tuyensinh.hmtu.edu.vn\/wp-content\/uploads\/2024\/04\/icon-dau-tick-2-150x150.png 150w, https:\/\/tuyensinh.hmtu.edu.vn\/wp-content\/uploads\/2024\/04\/icon-dau-tick-2-45x45.png 45w\" sizes=\"(max-width: 18px) 100vw, 18px\" \/>&nbsp;Sau khi ti\u00ea\u0301p nh\u00e2\u0323n, chu\u0301ng t\u00f4i se\u0303 pha\u0309n h\u00f4\u0300i trong th\u01a1\u0300i gian s\u01a1\u0301m nh\u00e2\u0301t<\/span><\/p>\n<p><span style=\"font-size: 100%; font-family: tahoma, arial, helvetica, sans-serif;\"><span style=\"color: #000000;\"><span style=\"color: #000000; font-size: 100%; font-family: tahoma, arial, helvetica, sans-serif;\"><img decoding=\"async\" class=\"alignnone wp-image-2858\" src=\"https:\/\/tuyensinh.hmtu.edu.vn\/wp-content\/uploads\/2024\/04\/icon-dau-tick-2.png\" alt=\"\" width=\"18\" height=\"18\" srcset=\"https:\/\/tuyensinh.hmtu.edu.vn\/wp-content\/uploads\/2024\/04\/icon-dau-tick-2.png 225w, https:\/\/tuyensinh.hmtu.edu.vn\/wp-content\/uploads\/2024\/04\/icon-dau-tick-2-150x150.png 150w, https:\/\/tuyensinh.hmtu.edu.vn\/wp-content\/uploads\/2024\/04\/icon-dau-tick-2-45x45.png 45w\" sizes=\"(max-width: 18px) 100vw, 18px\" \/><\/span> N\u00ea\u0301u co\u0301 v\u01b0\u1edbng m\u1eafc, kho\u0301 kh\u0103n na\u0300o xin vui lo\u0300ng go\u0323i <\/span><span style=\"color: #000000;\"><span style=\"color: #ff0000;\"><strong><a style=\"color: #ff0000;\" href=\"tel:%200563.291.788\">0563.291.788<\/a>&nbsp;<\/strong><\/span>ho\u1eb7c&nbsp;<a style=\"color: #000000;\" href=\"tel:%2002203.891.788\"><strong><span style=\"color: #ff0000;\">02203.891.788 <\/span><\/strong><\/a><\/span><span style=\"color: #000000;\">\u0111\u00ea\u0309 \u0111\u01b0\u01a1\u0323c gia\u0309i \u0111a\u0301p<\/span><\/span><\/p>\n<p style=\"text-align: right;\"><strong><span style=\"color: #000000; font-size: 100%; font-family: tahoma, arial, helvetica, sans-serif;\">&nbsp;R\u00e2\u0301t mong \u0111\u01b0\u01a1\u0323c t\u01b0 v\u00e2\u0301n !<\/span><\/strong><\/p>\t\t\t\t\t\t\t\t<\/div>\n\t\t\t\t<\/div>\n\t\t\t\t\t<\/div>\n\t\t<\/div>\n\t\t\t\t<div class=\"elementor-column elementor-col-50 elementor-top-column elementor-element elementor-element-c3f822c\" data-id=\"c3f822c\" data-element_type=\"column\">\n\t\t\t<div class=\"elementor-widget-wrap elementor-element-populated\">\n\t\t\t\t\t\t<div class=\"elementor-element elementor-element-878433b elementor-widget elementor-widget-text-editor\" data-id=\"878433b\" data-element_type=\"widget\" data-widget_type=\"text-editor.default\">\n\t\t\t\t<div class=\"elementor-widget-container\">\n\t\t\t\t\t\t\t\t\t<p style=\"text-align: center;\">\n<div class=\"wpcf7 no-js\" id=\"wpcf7-f1640-o1\" lang=\"vi\" dir=\"ltr\" data-wpcf7-id=\"1640\">\n<div class=\"screen-reader-response\"><p role=\"status\" aria-live=\"polite\" aria-atomic=\"true\"><\/p> <ul><\/ul><\/div>\n<form action=\"\/index.php?rest_route=%2Fwp%2Fv2%2Fpages%2F2365#wpcf7-f1640-o1\" method=\"post\" class=\"wpcf7-form init\" aria-label=\"Form li\u00ean h\u1ec7\" novalidate=\"novalidate\" data-status=\"init\">\n<fieldset class=\"hidden-fields-container\"><input type=\"hidden\" name=\"_wpcf7\" value=\"1640\" \/><input type=\"hidden\" name=\"_wpcf7_version\" value=\"6.1.5\" \/><input type=\"hidden\" name=\"_wpcf7_locale\" value=\"vi\" \/><input type=\"hidden\" name=\"_wpcf7_unit_tag\" value=\"wpcf7-f1640-o1\" \/><input type=\"hidden\" name=\"_wpcf7_container_post\" value=\"0\" \/><input type=\"hidden\" name=\"_wpcf7_posted_data_hash\" value=\"\" \/><input type=\"hidden\" name=\"_wpcf7cf_hidden_group_fields\" value=\"[]\" \/><input type=\"hidden\" name=\"_wpcf7cf_hidden_groups\" value=\"[]\" \/><input type=\"hidden\" name=\"_wpcf7cf_visible_groups\" value=\"[]\" \/><input type=\"hidden\" name=\"_wpcf7cf_repeaters\" value=\"[]\" \/><input type=\"hidden\" name=\"_wpcf7cf_steps\" value=\"{}\" \/><input type=\"hidden\" name=\"_wpcf7cf_options\" value=\"{&quot;form_id&quot;:1640,&quot;conditions&quot;:[],&quot;settings&quot;:{&quot;animation&quot;:&quot;yes&quot;,&quot;animation_intime&quot;:200,&quot;animation_outtime&quot;:200,&quot;conditions_ui&quot;:&quot;normal&quot;,&quot;notice_dismissed&quot;:false,&quot;notice_dismissed_update-cf7-5.9.8&quot;:true}}\" \/>\n<\/fieldset>\n<div class=\"cf-container\">\n\t<div class=\"cf-col-6\">\n\t\t<p><label> Ho\u0323 va\u0300 t\u00ean<br \/>\n<span class=\"wpcf7-form-control-wrap\" data-name=\"ho-ten\"><input size=\"40\" maxlength=\"400\" class=\"wpcf7-form-control wpcf7-text wpcf7-validates-as-required\" aria-required=\"true\" aria-invalid=\"false\" value=\"\" type=\"text\" name=\"ho-ten\" \/><\/span> <\/label>\n\t\t<\/p>\n\t<\/div>\n\t<div class=\"cf-col-6\">\n\t\t<p><label> S\u00f4\u0301 \u0111i\u00ea\u0323n thoa\u0323i<br \/>\n<span class=\"wpcf7-form-control-wrap\" data-name=\"SDT\"><input size=\"40\" maxlength=\"400\" class=\"wpcf7-form-control wpcf7-text wpcf7-validates-as-required\" aria-required=\"true\" aria-invalid=\"false\" value=\"\" type=\"text\" name=\"SDT\" \/><\/span> <\/label>\n\t\t<\/p>\n\t<\/div>\n\t<div class=\"cf-col-6\">\n\t\t<p><label> \u0110i\u0323a chi\u0309 mail<br \/>\n<span class=\"wpcf7-form-control-wrap\" data-name=\"tu-van-email\"><input size=\"40\" maxlength=\"400\" class=\"wpcf7-form-control wpcf7-email wpcf7-validates-as-required wpcf7-text wpcf7-validates-as-email\" autocomplete=\"email\" aria-required=\"true\" aria-invalid=\"false\" value=\"\" type=\"email\" name=\"tu-van-email\" \/><\/span> <\/label>\n\t\t<\/p>\n\t<\/div>\n\t<div class=\"cf-col-6\">\n\t\t<p><label> \u0110i\u0323a chi\u0309 hi\u00ea\u0323n ta\u0323i cu\u0309a ba\u0323n<br \/>\n<span class=\"wpcf7-form-control-wrap\" data-name=\"dia-chi\"><input size=\"40\" maxlength=\"400\" class=\"wpcf7-form-control wpcf7-text wpcf7-validates-as-required\" aria-required=\"true\" aria-invalid=\"false\" value=\"\" type=\"text\" name=\"dia-chi\" \/><\/span> <\/label>\n\t\t<\/p>\n\t<\/div>\n\t<div class=\"cf-col-12\">\n\t\t<p><label> N\u00f4\u0323i dung c\u00e2\u0300n t\u01b0 v\u00e2\u0301n:<br \/>\n<span class=\"wpcf7-form-control-wrap\" data-name=\"ts-noi-dung-tu-van\"><textarea cols=\"40\" rows=\"10\" maxlength=\"2000\" class=\"wpcf7-form-control wpcf7-textarea wpcf7-validates-as-required\" aria-required=\"true\" aria-invalid=\"false\" placeholder=\"N\u00f4\u0323i dung c\u00e2\u0300n t\u01b0 v\u00e2\u0301n cu\u0309a ba\u0323n la\u0300 gi\u0300?\" name=\"ts-noi-dung-tu-van\"><\/textarea><\/span> <\/label>\n\t\t<\/p>\n\t<\/div>\n<\/div>\n<p><input class=\"wpcf7-form-control wpcf7-submit has-spinner\" type=\"submit\" value=\"Click g\u1eedi\" \/>\n<\/p><div class=\"wpcf7-response-output\" aria-hidden=\"true\"><\/div>\n<\/form>\n<\/div>\n\t\t\t\t\t\t\t\t<\/div>\n\t\t\t\t<\/div>\n\t\t\t\t\t<\/div>\n\t\t<\/div>\n\t\t\t\t\t<\/div>\n\t\t<\/section>\n\t\t\t\t<\/div>\n\t\t","protected":false},"excerpt":{"rendered":"<p>T\u01af V\u00c2\u0301N TUY\u00ca\u0309N SINH Thi\u0301 sinh co\u0301 th\u00ea\u0309 \u0111\u0103\u0323t ca\u0301c c\u00e2u ho\u0309i v\u00ea\u0300 tuy\u00ea\u0309n sinh \u0110a\u0323i ho\u0323c chi\u0301nh quy, sau \u0111a\u0323i ho\u0323c, ca\u0301c l\u01a1\u0301p ng\u0103\u0301n ha\u0323n ho\u0103\u0323c b\u00e2\u0301t ky\u0300 v\u00e2\u0301n \u0111\u00ea\u0300 na\u0300o li\u00ean quan kha\u0301c. Thi\u0301 sinh vui lo\u0300ng cung c\u00e2\u0301p cho chu\u0301ng t\u00f4i \u0111\u00e2\u0300y \u0111u\u0309 th\u00f4ng tin va\u0300o Form na\u0300y &nbsp;Sau khi ti\u00ea\u0301p nh\u00e2\u0323n,<\/p>\n","protected":false},"author":1,"featured_media":0,"parent":0,"menu_order":0,"comment_status":"closed","ping_status":"closed","template":"page-blank.php","meta":{"footnotes":""},"class_list":["post-2365","page","type-page","status-publish","hentry"],"yoast_head":"<!-- This site is optimized with the Yoast SEO plugin v27.2 - https:\/\/yoast.com\/product\/yoast-seo-wordpress\/ -->\n<title>T\u01b0 v\u00e2\u0301n tuy\u00ea\u0309n sinh - Tuy\u00ea\u0309n sinh tr\u01b0\u01a1\u0300ng \u0110H Ky\u0303 thu\u00e2\u0323t Y t\u00ea\u0301 Ha\u0309i D\u01b0\u01a1ng, tuy\u00ea\u0309n sinh \u0111a\u0323i ho\u0323c y, tuyen sinh dai hoc y<\/title>\n<meta name=\"robots\" content=\"index, follow, max-snippet:-1, max-image-preview:large, max-video-preview:-1\" \/>\n<link rel=\"canonical\" href=\"https:\/\/tuyensinh.hmtu.edu.vn\/?page_id=2365\" \/>\n<meta property=\"og:locale\" content=\"vi_VN\" \/>\n<meta property=\"og:type\" content=\"article\" \/>\n<meta property=\"og:title\" content=\"T\u01b0 v\u00e2\u0301n tuy\u00ea\u0309n sinh - Tuy\u00ea\u0309n sinh tr\u01b0\u01a1\u0300ng \u0110H Ky\u0303 thu\u00e2\u0323t Y t\u00ea\u0301 Ha\u0309i D\u01b0\u01a1ng, tuy\u00ea\u0309n sinh \u0111a\u0323i ho\u0323c y, tuyen sinh dai hoc y\" \/>\n<meta property=\"og:description\" content=\"T\u01af V\u00c2\u0301N TUY\u00ca\u0309N SINH Thi\u0301 sinh co\u0301 th\u00ea\u0309 \u0111\u0103\u0323t ca\u0301c c\u00e2u ho\u0309i v\u00ea\u0300 tuy\u00ea\u0309n sinh \u0110a\u0323i ho\u0323c chi\u0301nh quy, sau \u0111a\u0323i ho\u0323c, ca\u0301c l\u01a1\u0301p ng\u0103\u0301n ha\u0323n ho\u0103\u0323c b\u00e2\u0301t ky\u0300 v\u00e2\u0301n \u0111\u00ea\u0300 na\u0300o li\u00ean quan kha\u0301c. Thi\u0301 sinh vui lo\u0300ng cung c\u00e2\u0301p cho chu\u0301ng t\u00f4i \u0111\u00e2\u0300y \u0111u\u0309 th\u00f4ng tin va\u0300o Form na\u0300y &nbsp;Sau khi ti\u00ea\u0301p nh\u00e2\u0323n,\" \/>\n<meta property=\"og:url\" content=\"https:\/\/tuyensinh.hmtu.edu.vn\/?page_id=2365\" \/>\n<meta property=\"og:site_name\" content=\"Tuy\u00ea\u0309n sinh tr\u01b0\u01a1\u0300ng \u0110H Ky\u0303 thu\u00e2\u0323t Y t\u00ea\u0301 Ha\u0309i D\u01b0\u01a1ng, tuy\u00ea\u0309n sinh \u0111a\u0323i ho\u0323c y, tuyen sinh dai hoc y\" \/>\n<meta property=\"article:modified_time\" content=\"2025-03-24T14:58:39+00:00\" \/>\n<meta property=\"og:image\" content=\"https:\/\/tuyensinh.hmtu.edu.vn\/wp-content\/uploads\/2024\/04\/icon-dau-tick-2.png\" \/>\n<meta name=\"twitter:card\" content=\"summary_large_image\" \/>\n<meta name=\"twitter:label1\" content=\"\u01af\u1edbc t\u00ednh th\u1eddi gian \u0111\u1ecdc\" \/>\n\t<meta name=\"twitter:data1\" content=\"1 ph\u00fat\" \/>\n<script type=\"application\/ld+json\" class=\"yoast-schema-graph\">{\"@context\":\"https:\/\/schema.org\",\"@graph\":[{\"@type\":\"WebPage\",\"@id\":\"https:\/\/tuyensinh.hmtu.edu.vn\/?page_id=2365\",\"url\":\"https:\/\/tuyensinh.hmtu.edu.vn\/?page_id=2365\",\"name\":\"T\u01b0 v\u00e2\u0301n tuy\u00ea\u0309n sinh - Tuy\u00ea\u0309n sinh tr\u01b0\u01a1\u0300ng \u0110H Ky\u0303 thu\u00e2\u0323t Y t\u00ea\u0301 Ha\u0309i D\u01b0\u01a1ng, tuy\u00ea\u0309n sinh \u0111a\u0323i ho\u0323c y, tuyen sinh dai hoc y\",\"isPartOf\":{\"@id\":\"https:\/\/tuyensinh.hmtu.edu.vn\/#website\"},\"primaryImageOfPage\":{\"@id\":\"https:\/\/tuyensinh.hmtu.edu.vn\/?page_id=2365#primaryimage\"},\"image\":{\"@id\":\"https:\/\/tuyensinh.hmtu.edu.vn\/?page_id=2365#primaryimage\"},\"thumbnailUrl\":\"https:\/\/tuyensinh.hmtu.edu.vn\/wp-content\/uploads\/2024\/04\/icon-dau-tick-2.png\",\"datePublished\":\"2024-03-30T02:00:01+00:00\",\"dateModified\":\"2025-03-24T14:58:39+00:00\",\"breadcrumb\":{\"@id\":\"https:\/\/tuyensinh.hmtu.edu.vn\/?page_id=2365#breadcrumb\"},\"inLanguage\":\"vi\",\"potentialAction\":[{\"@type\":\"ReadAction\",\"target\":[\"https:\/\/tuyensinh.hmtu.edu.vn\/?page_id=2365\"]}]},{\"@type\":\"ImageObject\",\"inLanguage\":\"vi\",\"@id\":\"https:\/\/tuyensinh.hmtu.edu.vn\/?page_id=2365#primaryimage\",\"url\":\"https:\/\/tuyensinh.hmtu.edu.vn\/wp-content\/uploads\/2024\/04\/icon-dau-tick-2.png\",\"contentUrl\":\"https:\/\/tuyensinh.hmtu.edu.vn\/wp-content\/uploads\/2024\/04\/icon-dau-tick-2.png\",\"width\":225,\"height\":225},{\"@type\":\"BreadcrumbList\",\"@id\":\"https:\/\/tuyensinh.hmtu.edu.vn\/?page_id=2365#breadcrumb\",\"itemListElement\":[{\"@type\":\"ListItem\",\"position\":1,\"name\":\"Trang ch\u1ee7\",\"item\":\"https:\/\/tuyensinh.hmtu.edu.vn\/\"},{\"@type\":\"ListItem\",\"position\":2,\"name\":\"T\u01b0 v\u00e2\u0301n tuy\u00ea\u0309n sinh\"}]},{\"@type\":\"WebSite\",\"@id\":\"https:\/\/tuyensinh.hmtu.edu.vn\/#website\",\"url\":\"https:\/\/tuyensinh.hmtu.edu.vn\/\",\"name\":\"Tuy\u00ea\u0309n sinh tr\u01b0\u01a1\u0300ng \u0110H Ky\u0303 thu\u00e2\u0323t Y t\u00ea\u0301 Ha\u0309i D\u01b0\u01a1ng\",\"description\":\"Trang th\u00f4ng tin tuy\u00ea\u0309n sinh tr\u01b0\u01a1\u0300ng \u0111a\u0323i ho\u0323c ky\u0303 thu\u00e2\u0323t y t\u00ea\u0301 Ha\u0309i D\u01b0\u01a1ng, tuy\u00ea\u0309n sinh \u0111a\u0323i ho\u0323c y, tuyen sinh dai hoc y\",\"publisher\":{\"@id\":\"https:\/\/tuyensinh.hmtu.edu.vn\/#organization\"},\"alternateName\":\"Trang tuy\u00ea\u0309n sinh tr\u01b0\u01a1\u0300ng \u0110a\u0323i ho\u0323c Ky\u0303 thu\u00e2\u0323t Y t\u00ea\u0301 Ha\u0309i D\u01b0\u01a1ng\",\"potentialAction\":[{\"@type\":\"SearchAction\",\"target\":{\"@type\":\"EntryPoint\",\"urlTemplate\":\"https:\/\/tuyensinh.hmtu.edu.vn\/?s={search_term_string}\"},\"query-input\":{\"@type\":\"PropertyValueSpecification\",\"valueRequired\":true,\"valueName\":\"search_term_string\"}}],\"inLanguage\":\"vi\"},{\"@type\":\"Organization\",\"@id\":\"https:\/\/tuyensinh.hmtu.edu.vn\/#organization\",\"name\":\"Tuy\u00ea\u0309n sinh tr\u01b0\u01a1\u0300ng \u0110H Ky\u0303 thu\u00e2\u0323t Y t\u00ea\u0301 Ha\u0309i D\u01b0\u01a1ng\",\"url\":\"https:\/\/tuyensinh.hmtu.edu.vn\/\",\"logo\":{\"@type\":\"ImageObject\",\"inLanguage\":\"vi\",\"@id\":\"https:\/\/tuyensinh.hmtu.edu.vn\/#\/schema\/logo\/image\/\",\"url\":\"https:\/\/tuyensinh.hmtu.edu.vn\/wp-content\/uploads\/2024\/05\/logo-hien-thi-gui-link-10.jpg\",\"contentUrl\":\"https:\/\/tuyensinh.hmtu.edu.vn\/wp-content\/uploads\/2024\/05\/logo-hien-thi-gui-link-10.jpg\",\"width\":592,\"height\":220,\"caption\":\"Tuy\u00ea\u0309n sinh tr\u01b0\u01a1\u0300ng \u0110H Ky\u0303 thu\u00e2\u0323t Y t\u00ea\u0301 Ha\u0309i D\u01b0\u01a1ng\"},\"image\":{\"@id\":\"https:\/\/tuyensinh.hmtu.edu.vn\/#\/schema\/logo\/image\/\"}}]}<\/script>\n<!-- \/ Yoast SEO plugin. -->","yoast_head_json":{"title":"T\u01b0 v\u00e2\u0301n tuy\u00ea\u0309n sinh - Tuy\u00ea\u0309n sinh tr\u01b0\u01a1\u0300ng \u0110H Ky\u0303 thu\u00e2\u0323t Y t\u00ea\u0301 Ha\u0309i D\u01b0\u01a1ng, tuy\u00ea\u0309n sinh \u0111a\u0323i ho\u0323c y, tuyen sinh dai hoc y","robots":{"index":"index","follow":"follow","max-snippet":"max-snippet:-1","max-image-preview":"max-image-preview:large","max-video-preview":"max-video-preview:-1"},"canonical":"https:\/\/tuyensinh.hmtu.edu.vn\/?page_id=2365","og_locale":"vi_VN","og_type":"article","og_title":"T\u01b0 v\u00e2\u0301n tuy\u00ea\u0309n sinh - Tuy\u00ea\u0309n sinh tr\u01b0\u01a1\u0300ng \u0110H Ky\u0303 thu\u00e2\u0323t Y t\u00ea\u0301 Ha\u0309i D\u01b0\u01a1ng, tuy\u00ea\u0309n sinh \u0111a\u0323i ho\u0323c y, tuyen sinh dai hoc y","og_description":"T\u01af V\u00c2\u0301N TUY\u00ca\u0309N SINH Thi\u0301 sinh co\u0301 th\u00ea\u0309 \u0111\u0103\u0323t ca\u0301c c\u00e2u ho\u0309i v\u00ea\u0300 tuy\u00ea\u0309n sinh \u0110a\u0323i ho\u0323c chi\u0301nh quy, sau \u0111a\u0323i ho\u0323c, ca\u0301c l\u01a1\u0301p ng\u0103\u0301n ha\u0323n ho\u0103\u0323c b\u00e2\u0301t ky\u0300 v\u00e2\u0301n \u0111\u00ea\u0300 na\u0300o li\u00ean quan kha\u0301c. Thi\u0301 sinh vui lo\u0300ng cung c\u00e2\u0301p cho chu\u0301ng t\u00f4i \u0111\u00e2\u0300y \u0111u\u0309 th\u00f4ng tin va\u0300o Form na\u0300y &nbsp;Sau khi ti\u00ea\u0301p nh\u00e2\u0323n,","og_url":"https:\/\/tuyensinh.hmtu.edu.vn\/?page_id=2365","og_site_name":"Tuy\u00ea\u0309n sinh tr\u01b0\u01a1\u0300ng \u0110H Ky\u0303 thu\u00e2\u0323t Y t\u00ea\u0301 Ha\u0309i D\u01b0\u01a1ng, tuy\u00ea\u0309n sinh \u0111a\u0323i ho\u0323c y, tuyen sinh dai hoc y","article_modified_time":"2025-03-24T14:58:39+00:00","og_image":[{"url":"https:\/\/tuyensinh.hmtu.edu.vn\/wp-content\/uploads\/2024\/04\/icon-dau-tick-2.png","type":"","width":"","height":""}],"twitter_card":"summary_large_image","twitter_misc":{"\u01af\u1edbc t\u00ednh th\u1eddi gian \u0111\u1ecdc":"1 ph\u00fat"},"schema":{"@context":"https:\/\/schema.org","@graph":[{"@type":"WebPage","@id":"https:\/\/tuyensinh.hmtu.edu.vn\/?page_id=2365","url":"https:\/\/tuyensinh.hmtu.edu.vn\/?page_id=2365","name":"T\u01b0 v\u00e2\u0301n tuy\u00ea\u0309n sinh - Tuy\u00ea\u0309n sinh tr\u01b0\u01a1\u0300ng \u0110H Ky\u0303 thu\u00e2\u0323t Y t\u00ea\u0301 Ha\u0309i D\u01b0\u01a1ng, tuy\u00ea\u0309n sinh \u0111a\u0323i ho\u0323c y, tuyen sinh dai hoc y","isPartOf":{"@id":"https:\/\/tuyensinh.hmtu.edu.vn\/#website"},"primaryImageOfPage":{"@id":"https:\/\/tuyensinh.hmtu.edu.vn\/?page_id=2365#primaryimage"},"image":{"@id":"https:\/\/tuyensinh.hmtu.edu.vn\/?page_id=2365#primaryimage"},"thumbnailUrl":"https:\/\/tuyensinh.hmtu.edu.vn\/wp-content\/uploads\/2024\/04\/icon-dau-tick-2.png","datePublished":"2024-03-30T02:00:01+00:00","dateModified":"2025-03-24T14:58:39+00:00","breadcrumb":{"@id":"https:\/\/tuyensinh.hmtu.edu.vn\/?page_id=2365#breadcrumb"},"inLanguage":"vi","potentialAction":[{"@type":"ReadAction","target":["https:\/\/tuyensinh.hmtu.edu.vn\/?page_id=2365"]}]},{"@type":"ImageObject","inLanguage":"vi","@id":"https:\/\/tuyensinh.hmtu.edu.vn\/?page_id=2365#primaryimage","url":"https:\/\/tuyensinh.hmtu.edu.vn\/wp-content\/uploads\/2024\/04\/icon-dau-tick-2.png","contentUrl":"https:\/\/tuyensinh.hmtu.edu.vn\/wp-content\/uploads\/2024\/04\/icon-dau-tick-2.png","width":225,"height":225},{"@type":"BreadcrumbList","@id":"https:\/\/tuyensinh.hmtu.edu.vn\/?page_id=2365#breadcrumb","itemListElement":[{"@type":"ListItem","position":1,"name":"Trang ch\u1ee7","item":"https:\/\/tuyensinh.hmtu.edu.vn\/"},{"@type":"ListItem","position":2,"name":"T\u01b0 v\u00e2\u0301n tuy\u00ea\u0309n sinh"}]},{"@type":"WebSite","@id":"https:\/\/tuyensinh.hmtu.edu.vn\/#website","url":"https:\/\/tuyensinh.hmtu.edu.vn\/","name":"Tuy\u00ea\u0309n sinh tr\u01b0\u01a1\u0300ng \u0110H Ky\u0303 thu\u00e2\u0323t Y t\u00ea\u0301 Ha\u0309i D\u01b0\u01a1ng","description":"Trang th\u00f4ng tin tuy\u00ea\u0309n sinh tr\u01b0\u01a1\u0300ng \u0111a\u0323i ho\u0323c ky\u0303 thu\u00e2\u0323t y t\u00ea\u0301 Ha\u0309i D\u01b0\u01a1ng, tuy\u00ea\u0309n sinh \u0111a\u0323i ho\u0323c y, tuyen sinh dai hoc y","publisher":{"@id":"https:\/\/tuyensinh.hmtu.edu.vn\/#organization"},"alternateName":"Trang tuy\u00ea\u0309n sinh tr\u01b0\u01a1\u0300ng \u0110a\u0323i ho\u0323c Ky\u0303 thu\u00e2\u0323t Y t\u00ea\u0301 Ha\u0309i D\u01b0\u01a1ng","potentialAction":[{"@type":"SearchAction","target":{"@type":"EntryPoint","urlTemplate":"https:\/\/tuyensinh.hmtu.edu.vn\/?s={search_term_string}"},"query-input":{"@type":"PropertyValueSpecification","valueRequired":true,"valueName":"search_term_string"}}],"inLanguage":"vi"},{"@type":"Organization","@id":"https:\/\/tuyensinh.hmtu.edu.vn\/#organization","name":"Tuy\u00ea\u0309n sinh tr\u01b0\u01a1\u0300ng \u0110H Ky\u0303 thu\u00e2\u0323t Y t\u00ea\u0301 Ha\u0309i D\u01b0\u01a1ng","url":"https:\/\/tuyensinh.hmtu.edu.vn\/","logo":{"@type":"ImageObject","inLanguage":"vi","@id":"https:\/\/tuyensinh.hmtu.edu.vn\/#\/schema\/logo\/image\/","url":"https:\/\/tuyensinh.hmtu.edu.vn\/wp-content\/uploads\/2024\/05\/logo-hien-thi-gui-link-10.jpg","contentUrl":"https:\/\/tuyensinh.hmtu.edu.vn\/wp-content\/uploads\/2024\/05\/logo-hien-thi-gui-link-10.jpg","width":592,"height":220,"caption":"Tuy\u00ea\u0309n sinh tr\u01b0\u01a1\u0300ng \u0110H Ky\u0303 thu\u00e2\u0323t Y t\u00ea\u0301 Ha\u0309i D\u01b0\u01a1ng"},"image":{"@id":"https:\/\/tuyensinh.hmtu.edu.vn\/#\/schema\/logo\/image\/"}}]}},"_links":{"self":[{"href":"https:\/\/tuyensinh.hmtu.edu.vn\/index.php?rest_route=\/wp\/v2\/pages\/2365","targetHints":{"allow":["GET"]}}],"collection":[{"href":"https:\/\/tuyensinh.hmtu.edu.vn\/index.php?rest_route=\/wp\/v2\/pages"}],"about":[{"href":"https:\/\/tuyensinh.hmtu.edu.vn\/index.php?rest_route=\/wp\/v2\/types\/page"}],"author":[{"embeddable":true,"href":"https:\/\/tuyensinh.hmtu.edu.vn\/index.php?rest_route=\/wp\/v2\/users\/1"}],"replies":[{"embeddable":true,"href":"https:\/\/tuyensinh.hmtu.edu.vn\/index.php?rest_route=%2Fwp%2Fv2%2Fcomments&post=2365"}],"version-history":[{"count":142,"href":"https:\/\/tuyensinh.hmtu.edu.vn\/index.php?rest_route=\/wp\/v2\/pages\/2365\/revisions"}],"predecessor-version":[{"id":8918,"href":"https:\/\/tuyensinh.hmtu.edu.vn\/index.php?rest_route=\/wp\/v2\/pages\/2365\/revisions\/8918"}],"wp:attachment":[{"href":"https:\/\/tuyensinh.hmtu.edu.vn\/index.php?rest_route=%2Fwp%2Fv2%2Fmedia&parent=2365"}],"curies":[{"name":"wp","href":"https:\/\/api.w.org\/{rel}","templated":true}]}}