{"id":6587,"date":"2024-10-11T22:31:04","date_gmt":"2024-10-11T15:31:04","guid":{"rendered":"https:\/\/tuyensinh.hmtu.edu.vn\/?page_id=6587"},"modified":"2025-09-05T23:34:53","modified_gmt":"2025-09-05T16:34:53","slug":"co-so-vat-chat","status":"publish","type":"page","link":"https:\/\/tuyensinh.hmtu.edu.vn\/?page_id=6587","title":{"rendered":"C\u01a1 s\u01a1\u0309 v\u00e2\u0323t ch\u00e2\u0301t"},"content":{"rendered":"\t\t<div data-elementor-type=\"wp-page\" data-elementor-id=\"6587\" class=\"elementor elementor-6587\" data-elementor-post-type=\"page\">\n\t\t\t\t\t\t<section data-particle_enable=\"false\" data-particle-mobile-disabled=\"false\" class=\"elementor-section elementor-top-section elementor-element elementor-element-131bc4d elementor-section-full_width elementor-section-height-default elementor-section-height-default\" data-id=\"131bc4d\" data-element_type=\"section\">\n\t\t\t\t\t\t<div class=\"elementor-container elementor-column-gap-no\">\n\t\t\t\t\t<div class=\"elementor-column elementor-col-100 elementor-top-column elementor-element elementor-element-80f08d4\" data-id=\"80f08d4\" data-element_type=\"column\">\n\t\t\t<div class=\"elementor-widget-wrap elementor-element-populated\">\n\t\t\t\t\t\t<div class=\"elementor-element elementor-element-599e379 elementor-widget-divider--view-line_text elementor-widget-divider--element-align-center elementor-widget elementor-widget-divider\" data-id=\"599e379\" data-element_type=\"widget\" data-widget_type=\"divider.default\">\n\t\t\t\t<div class=\"elementor-widget-container\">\n\t\t\t\t\t\t\t<div class=\"elementor-divider\">\n\t\t\t<span class=\"elementor-divider-separator\">\n\t\t\t\t\t\t\t<span class=\"elementor-divider__text elementor-divider__element\">\n\t\t\t\tC\u01a0 S\u01a0\u0309 V\u00c2\u0323T CH\u00c2\u0301T\t\t\t\t<\/span>\n\t\t\t\t\t\t<\/span>\n\t\t<\/div>\n\t\t\t\t\t\t<\/div>\n\t\t\t\t<\/div>\n\t\t\t\t\t<\/div>\n\t\t<\/div>\n\t\t\t\t\t<\/div>\n\t\t<\/section>\n\t\t\t\t<section data-particle_enable=\"false\" data-particle-mobile-disabled=\"false\" class=\"elementor-section elementor-top-section elementor-element elementor-element-0b544cc elementor-section-full_width elementor-section-height-default elementor-section-height-default\" data-id=\"0b544cc\" data-element_type=\"section\">\n\t\t\t\t\t\t<div class=\"elementor-container elementor-column-gap-custom\">\n\t\t\t\t\t<div class=\"elementor-column elementor-col-100 elementor-top-column elementor-element elementor-element-c2f7ad3\" data-id=\"c2f7ad3\" data-element_type=\"column\">\n\t\t\t<div class=\"elementor-widget-wrap elementor-element-populated\">\n\t\t\t\t\t\t<div class=\"elementor-element elementor-element-eeaed5e elementor-widget elementor-widget-eael-image-accordion\" data-id=\"eeaed5e\" data-element_type=\"widget\" data-widget_type=\"eael-image-accordion.default\">\n\t\t\t\t<div class=\"elementor-widget-container\">\n\t\t\t\t\t    <div class=\"eael-img-accordion accordion-direction-horizontal eael-img-accordion-horizontal-align-center eael-img-accordion-vertical-align-center\" id=\"eael-img-accordion-eeaed5e\" data-img-accordion-id=\"eeaed5e\" data-img-accordion-type=\"on-hover\">\n                    \n            <div class=\"eael-image-accordion-hover eael-image-accordion-item\" style=\"background-image: url(https:\/\/tuyensinh.hmtu.edu.vn\/wp-content\/uploads\/2024\/03\/Co-so-vat-chat-2.jpg);\"  tabindex=\"0\">\n                <div class=\"overlay\">\n                                        <div class=\"overlay-inner \">\n                        <h3 class=\"img-accordion-title\">Khu  nha\u0300 hi\u00ea\u0323u b\u00f4\u0323<\/h3>                            <p><p><span style=\"font-size: 90%\">Nha\u0300 hi\u00ea\u0323u b\u00f4\u0323 5 t\u00e2\u0300ng la\u0300 v\u0103n pho\u0300ng cu\u0309a ca\u0301c pho\u0300ng, khoa, b\u00f4\u0323 m\u00f4n<\/span><\/p><\/p>\n                                            <\/div>\n                <\/div>\n            <\/div>\n                    \n            <div class=\"eael-image-accordion-hover eael-image-accordion-item\" style=\"background-image: url(https:\/\/tuyensinh.hmtu.edu.vn\/wp-content\/uploads\/2024\/03\/Co-so-vat-chat-3.jpg);\"  tabindex=\"0\">\n                <div class=\"overlay\">\n                                        <div class=\"overlay-inner \">\n                        <h3 class=\"img-accordion-title\">Quang ca\u0309nh khu nha\u0300 hi\u00ea\u0323u b\u00f4\u0323<\/h3>                            <p><p>M\u00f4i tr\u01b0\u01a1\u0300ng ho\u0323c t\u00e2\u0323p va\u0300 la\u0300m vi\u00ea\u0323c: xanh &#8211; sa\u0323ch &#8211; \u0111e\u0323p<\/p><\/p>\n                                            <\/div>\n                <\/div>\n            <\/div>\n                    \n            <div class=\"eael-image-accordion-hover eael-image-accordion-item\" style=\"background-image: url(https:\/\/tuyensinh.hmtu.edu.vn\/wp-content\/uploads\/2024\/03\/Co-so-vat-chat-7.jpg);\"  tabindex=\"0\">\n                <div class=\"overlay\">\n                                        <div class=\"overlay-inner \">\n                        <h3 class=\"img-accordion-title\">Nha\u0300 thi \u0111\u00e2\u0301u \u0111a n\u0103ng<\/h3>                            <p><p>R\u00f4\u0323ng ha\u0300ng tr\u0103m me\u0301t vu\u00f4ng, co\u0301 \u0111\u00e2\u0300y \u0111u\u0309 ti\u00ea\u0323n nghi<\/p><\/p>\n                                            <\/div>\n                <\/div>\n            <\/div>\n                    \n            <div class=\"eael-image-accordion-hover eael-image-accordion-item\" style=\"background-image: url(https:\/\/tuyensinh.hmtu.edu.vn\/wp-content\/uploads\/2024\/03\/Co-so-vat-chat-8.jpg);\"  tabindex=\"0\">\n                <div class=\"overlay\">\n                                        <div class=\"overlay-inner \">\n                        <h3 class=\"img-accordion-title\">B\u00ean trong nha\u0300 thi \u0111\u00e2\u0301u \u0111a n\u0103ng<\/h3>                            <p><p>Thu hu\u0301t ca\u0301c ba\u0323n sinh vi\u00ean luy\u00ea\u0323n t\u00e2\u0323p th\u00ea\u0309 thao sau gi\u01a1\u0300 ho\u0323c c\u0103ng th\u0103\u0309ng<\/p><\/p>\n                                            <\/div>\n                <\/div>\n            <\/div>\n                <\/div>\n        <style typr=\"text\/css\">\n                    #eael-img-accordion-eeaed5e .eael-image-accordion-hover:hover {\n                        flex: 3 1 0% !important;\n                    }\n                    #eael-img-accordion-eeaed5e .eael-image-accordion-hover:hover:hover .overlay-inner * {\n                        opacity: 1;\n                        visibility: visible;\n                        transform: none;\n                        transition: all .3s .3s;\n                    }\n                <\/style>\t\t\t\t<\/div>\n\t\t\t\t<\/div>\n\t\t\t\t<div class=\"elementor-element elementor-element-3ef01e2 elementor-widget elementor-widget-eael-image-accordion\" data-id=\"3ef01e2\" data-element_type=\"widget\" data-widget_type=\"eael-image-accordion.default\">\n\t\t\t\t<div class=\"elementor-widget-container\">\n\t\t\t\t\t    <div class=\"eael-img-accordion accordion-direction-horizontal eael-img-accordion-horizontal-align-center eael-img-accordion-vertical-align-center\" id=\"eael-img-accordion-3ef01e2\" data-img-accordion-id=\"3ef01e2\" data-img-accordion-type=\"on-hover\">\n                    \n            <div class=\"eael-image-accordion-hover eael-image-accordion-item\" style=\"background-image: url(https:\/\/tuyensinh.hmtu.edu.vn\/wp-content\/uploads\/2024\/03\/Co-so-vat-chat-10.jpg);\"  tabindex=\"0\">\n                <div class=\"overlay\">\n                                        <div class=\"overlay-inner \">\n                        <h2 class=\"img-accordion-title\">Khu Gia\u0309ng \u0111\u01b0\u01a1\u0300ng th\u01b0 vi\u00ea\u0323n<\/h2>                            <p><p>R\u00f4\u0323ng ha\u0300ng nghi\u0300n me\u0301t vu\u00f4ng, trang thi\u00ea\u0301t bi\u0323 hi\u00ea\u0323n \u0111a\u0323i<\/p><\/p>\n                                            <\/div>\n                <\/div>\n            <\/div>\n                    \n            <div class=\"eael-image-accordion-hover eael-image-accordion-item\" style=\"background-image: url(https:\/\/tuyensinh.hmtu.edu.vn\/wp-content\/uploads\/2024\/08\/Thuc-tap-dieu-duong-nhat-ban-2024-3.jpg);\"  tabindex=\"0\">\n                <div class=\"overlay\">\n                                        <div class=\"overlay-inner \">\n                        <h2 class=\"img-accordion-title\">Quan h\u00ea\u0323 h\u01a1\u0323p ta\u0301c qu\u00f4\u0301c t\u00ea\u0301<\/h2>                            <p><p>Sinh vi\u00ean, gia\u0309ng vi\u00ean co\u0301 c\u01a1 h\u00f4\u0323i ho\u0323c t\u00e2\u0323p va\u0300 la\u0300m vi\u00ea\u0323c v\u01a1\u0301i ng\u01b0\u01a1\u0300i n\u01b0\u01a1\u0301c ngoa\u0300i<\/p><\/p>\n                                            <\/div>\n                <\/div>\n            <\/div>\n                    \n            <div class=\"eael-image-accordion-hover eael-image-accordion-item\" style=\"background-image: url(https:\/\/tuyensinh.hmtu.edu.vn\/wp-content\/uploads\/2024\/08\/Thuc-tap-dieu-duong-nhat-ban-2024-7.jpg);\"  tabindex=\"0\">\n                <div class=\"overlay\">\n                                        <div class=\"overlay-inner \">\n                        <h2 class=\"img-accordion-title\">Gia\u0309ng vi\u00ean, sinh vi\u00ean Nh\u00e2\u0323t Ba\u0309n<\/h2>                            <p><p>Ha\u0300ng n\u0103m co\u0301 ca\u0301c gia\u0309ng vi\u00ean, sinh vi\u00ean Nh\u00e2\u0323t Ba\u0309n sang ho\u0323c t\u00e2\u0323p va\u0300 chia se\u0309 kinh nghi\u00ea\u0323m<\/p><\/p>\n                                            <\/div>\n                <\/div>\n            <\/div>\n                    \n            <div class=\"eael-image-accordion-hover eael-image-accordion-item\" style=\"background-image: url(https:\/\/tuyensinh.hmtu.edu.vn\/wp-content\/uploads\/2024\/07\/Hoi-thao-DD-ky-thuat-vien-2024-7.jpg);\"  tabindex=\"0\">\n                <div class=\"overlay\">\n                                        <div class=\"overlay-inner \">\n                        <h2 class=\"img-accordion-title\">H\u00f4\u0323i thao tay ngh\u00ea\u0300<\/h2>                            <p><p>Ca\u0301n b\u00f4\u0323, sinh vi\u00ean tham gia h\u00f4\u0323i thao n\u00e2ng cao tay ngh\u00ea\u0300 \u0111i\u0323nh ky\u0300<\/p><\/p>\n                                            <\/div>\n                <\/div>\n            <\/div>\n                    \n            <div class=\"eael-image-accordion-hover eael-image-accordion-item\" style=\"background-image: url(https:\/\/tuyensinh.hmtu.edu.vn\/wp-content\/uploads\/2024\/07\/anh-dai-dien-dieu-duong-gay-me.jpg);\"  tabindex=\"0\">\n                <div class=\"overlay\">\n                                        <div class=\"overlay-inner \">\n                        <h2 class=\"img-accordion-title\">La\u0300m vi\u00ea\u0323c ta\u0323i b\u00ea\u0323nh vi\u00ea\u0323n<\/h2>                            <p><p>Ca\u0301n b\u00f4\u0323, sinh vi\u00ean tham gia la\u0300m vi\u00ea\u0323c ta\u0323i b\u00ea\u0323nh vi\u00ea\u0323n tr\u01b0\u01a1\u0300ng<\/p><\/p>\n                                            <\/div>\n                <\/div>\n            <\/div>\n                <\/div>\n        <style typr=\"text\/css\">\n                    #eael-img-accordion-3ef01e2 .eael-image-accordion-hover:hover {\n                        flex: 3 1 0% !important;\n                    }\n                    #eael-img-accordion-3ef01e2 .eael-image-accordion-hover:hover:hover .overlay-inner * {\n                        opacity: 1;\n                        visibility: visible;\n                        transform: none;\n                        transition: all .3s .3s;\n                    }\n                <\/style>\t\t\t\t<\/div>\n\t\t\t\t<\/div>\n\t\t\t\t\t<\/div>\n\t\t<\/div>\n\t\t\t\t\t<\/div>\n\t\t<\/section>\n\t\t\t\t<\/div>\n\t\t","protected":false},"excerpt":{"rendered":"<p>C\u01a0 S\u01a0\u0309 V\u00c2\u0323T CH\u00c2\u0301T Khu nha\u0300 hi\u00ea\u0323u b\u00f4\u0323 Nha\u0300 hi\u00ea\u0323u b\u00f4\u0323 5 t\u00e2\u0300ng la\u0300 v\u0103n pho\u0300ng cu\u0309a ca\u0301c pho\u0300ng, khoa, b\u00f4\u0323 m\u00f4n Quang ca\u0309nh khu nha\u0300 hi\u00ea\u0323u b\u00f4\u0323 M\u00f4i tr\u01b0\u01a1\u0300ng ho\u0323c t\u00e2\u0323p va\u0300 la\u0300m vi\u00ea\u0323c: xanh &#8211; sa\u0323ch &#8211; \u0111e\u0323p Nha\u0300 thi \u0111\u00e2\u0301u \u0111a n\u0103ng R\u00f4\u0323ng ha\u0300ng tr\u0103m me\u0301t vu\u00f4ng, co\u0301 \u0111\u00e2\u0300y \u0111u\u0309 ti\u00ea\u0323n nghi<\/p>\n","protected":false},"author":1,"featured_media":0,"parent":0,"menu_order":0,"comment_status":"closed","ping_status":"closed","template":"page-blank.php","meta":{"footnotes":""},"class_list":["post-6587","page","type-page","status-publish","hentry"],"yoast_head":"<!-- This site is optimized with the Yoast SEO plugin v27.2 - https:\/\/yoast.com\/product\/yoast-seo-wordpress\/ -->\n<title>C\u01a1 s\u01a1\u0309 v\u00e2\u0323t ch\u00e2\u0301t - Tuy\u00ea\u0309n sinh tr\u01b0\u01a1\u0300ng \u0110H Ky\u0303 thu\u00e2\u0323t Y t\u00ea\u0301 Ha\u0309i D\u01b0\u01a1ng, tuy\u00ea\u0309n sinh \u0111a\u0323i ho\u0323c y, tuyen sinh dai hoc y<\/title>\n<meta name=\"robots\" content=\"index, follow, max-snippet:-1, max-image-preview:large, max-video-preview:-1\" \/>\n<link rel=\"canonical\" href=\"https:\/\/tuyensinh.hmtu.edu.vn\/?page_id=6587\" \/>\n<meta property=\"og:locale\" content=\"vi_VN\" \/>\n<meta property=\"og:type\" content=\"article\" \/>\n<meta property=\"og:title\" content=\"C\u01a1 s\u01a1\u0309 v\u00e2\u0323t ch\u00e2\u0301t - Tuy\u00ea\u0309n sinh tr\u01b0\u01a1\u0300ng \u0110H Ky\u0303 thu\u00e2\u0323t Y t\u00ea\u0301 Ha\u0309i D\u01b0\u01a1ng, tuy\u00ea\u0309n sinh \u0111a\u0323i ho\u0323c y, tuyen sinh dai hoc y\" \/>\n<meta property=\"og:description\" content=\"C\u01a0 S\u01a0\u0309 V\u00c2\u0323T CH\u00c2\u0301T Khu nha\u0300 hi\u00ea\u0323u b\u00f4\u0323 Nha\u0300 hi\u00ea\u0323u b\u00f4\u0323 5 t\u00e2\u0300ng la\u0300 v\u0103n pho\u0300ng cu\u0309a ca\u0301c pho\u0300ng, khoa, b\u00f4\u0323 m\u00f4n Quang ca\u0309nh khu nha\u0300 hi\u00ea\u0323u b\u00f4\u0323 M\u00f4i tr\u01b0\u01a1\u0300ng ho\u0323c t\u00e2\u0323p va\u0300 la\u0300m vi\u00ea\u0323c: xanh &#8211; sa\u0323ch &#8211; \u0111e\u0323p Nha\u0300 thi \u0111\u00e2\u0301u \u0111a n\u0103ng R\u00f4\u0323ng ha\u0300ng tr\u0103m me\u0301t vu\u00f4ng, co\u0301 \u0111\u00e2\u0300y \u0111u\u0309 ti\u00ea\u0323n nghi\" \/>\n<meta property=\"og:url\" content=\"https:\/\/tuyensinh.hmtu.edu.vn\/?page_id=6587\" \/>\n<meta property=\"og:site_name\" content=\"Tuy\u00ea\u0309n sinh tr\u01b0\u01a1\u0300ng \u0110H Ky\u0303 thu\u00e2\u0323t Y t\u00ea\u0301 Ha\u0309i D\u01b0\u01a1ng, tuy\u00ea\u0309n sinh \u0111a\u0323i ho\u0323c y, tuyen sinh dai hoc y\" \/>\n<meta property=\"article:modified_time\" content=\"2025-09-05T16:34:53+00:00\" \/>\n<meta property=\"og:image\" content=\"https:\/\/tuyensinh.hmtu.edu.vn\/wp-content\/uploads\/2024\/05\/logo-hien-thi-gui-link-10.jpg\" \/>\n\t<meta property=\"og:image:width\" content=\"592\" \/>\n\t<meta property=\"og:image:height\" content=\"220\" \/>\n\t<meta property=\"og:image:type\" content=\"image\/jpeg\" \/>\n<meta name=\"twitter:card\" content=\"summary_large_image\" \/>\n<meta name=\"twitter:label1\" content=\"\u01af\u1edbc t\u00ednh th\u1eddi gian \u0111\u1ecdc\" \/>\n\t<meta name=\"twitter:data1\" content=\"1 ph\u00fat\" \/>\n<script type=\"application\/ld+json\" class=\"yoast-schema-graph\">{\"@context\":\"https:\/\/schema.org\",\"@graph\":[{\"@type\":\"WebPage\",\"@id\":\"https:\/\/tuyensinh.hmtu.edu.vn\/?page_id=6587\",\"url\":\"https:\/\/tuyensinh.hmtu.edu.vn\/?page_id=6587\",\"name\":\"C\u01a1 s\u01a1\u0309 v\u00e2\u0323t ch\u00e2\u0301t - Tuy\u00ea\u0309n sinh tr\u01b0\u01a1\u0300ng \u0110H Ky\u0303 thu\u00e2\u0323t Y t\u00ea\u0301 Ha\u0309i D\u01b0\u01a1ng, tuy\u00ea\u0309n sinh \u0111a\u0323i ho\u0323c y, tuyen sinh dai hoc y\",\"isPartOf\":{\"@id\":\"https:\/\/tuyensinh.hmtu.edu.vn\/#website\"},\"datePublished\":\"2024-10-11T15:31:04+00:00\",\"dateModified\":\"2025-09-05T16:34:53+00:00\",\"breadcrumb\":{\"@id\":\"https:\/\/tuyensinh.hmtu.edu.vn\/?page_id=6587#breadcrumb\"},\"inLanguage\":\"vi\",\"potentialAction\":[{\"@type\":\"ReadAction\",\"target\":[\"https:\/\/tuyensinh.hmtu.edu.vn\/?page_id=6587\"]}]},{\"@type\":\"BreadcrumbList\",\"@id\":\"https:\/\/tuyensinh.hmtu.edu.vn\/?page_id=6587#breadcrumb\",\"itemListElement\":[{\"@type\":\"ListItem\",\"position\":1,\"name\":\"Trang ch\u1ee7\",\"item\":\"https:\/\/tuyensinh.hmtu.edu.vn\/\"},{\"@type\":\"ListItem\",\"position\":2,\"name\":\"C\u01a1 s\u01a1\u0309 v\u00e2\u0323t ch\u00e2\u0301t\"}]},{\"@type\":\"WebSite\",\"@id\":\"https:\/\/tuyensinh.hmtu.edu.vn\/#website\",\"url\":\"https:\/\/tuyensinh.hmtu.edu.vn\/\",\"name\":\"Tuy\u00ea\u0309n sinh tr\u01b0\u01a1\u0300ng \u0110H Ky\u0303 thu\u00e2\u0323t Y t\u00ea\u0301 Ha\u0309i D\u01b0\u01a1ng\",\"description\":\"Trang th\u00f4ng tin tuy\u00ea\u0309n sinh tr\u01b0\u01a1\u0300ng \u0111a\u0323i ho\u0323c ky\u0303 thu\u00e2\u0323t y t\u00ea\u0301 Ha\u0309i D\u01b0\u01a1ng, tuy\u00ea\u0309n sinh \u0111a\u0323i ho\u0323c y, tuyen sinh dai hoc y\",\"publisher\":{\"@id\":\"https:\/\/tuyensinh.hmtu.edu.vn\/#organization\"},\"alternateName\":\"Trang tuy\u00ea\u0309n sinh tr\u01b0\u01a1\u0300ng \u0110a\u0323i ho\u0323c Ky\u0303 thu\u00e2\u0323t Y t\u00ea\u0301 Ha\u0309i D\u01b0\u01a1ng\",\"potentialAction\":[{\"@type\":\"SearchAction\",\"target\":{\"@type\":\"EntryPoint\",\"urlTemplate\":\"https:\/\/tuyensinh.hmtu.edu.vn\/?s={search_term_string}\"},\"query-input\":{\"@type\":\"PropertyValueSpecification\",\"valueRequired\":true,\"valueName\":\"search_term_string\"}}],\"inLanguage\":\"vi\"},{\"@type\":\"Organization\",\"@id\":\"https:\/\/tuyensinh.hmtu.edu.vn\/#organization\",\"name\":\"Tuy\u00ea\u0309n sinh tr\u01b0\u01a1\u0300ng \u0110H Ky\u0303 thu\u00e2\u0323t Y t\u00ea\u0301 Ha\u0309i D\u01b0\u01a1ng\",\"url\":\"https:\/\/tuyensinh.hmtu.edu.vn\/\",\"logo\":{\"@type\":\"ImageObject\",\"inLanguage\":\"vi\",\"@id\":\"https:\/\/tuyensinh.hmtu.edu.vn\/#\/schema\/logo\/image\/\",\"url\":\"https:\/\/tuyensinh.hmtu.edu.vn\/wp-content\/uploads\/2024\/05\/logo-hien-thi-gui-link-10.jpg\",\"contentUrl\":\"https:\/\/tuyensinh.hmtu.edu.vn\/wp-content\/uploads\/2024\/05\/logo-hien-thi-gui-link-10.jpg\",\"width\":592,\"height\":220,\"caption\":\"Tuy\u00ea\u0309n sinh tr\u01b0\u01a1\u0300ng \u0110H Ky\u0303 thu\u00e2\u0323t Y t\u00ea\u0301 Ha\u0309i D\u01b0\u01a1ng\"},\"image\":{\"@id\":\"https:\/\/tuyensinh.hmtu.edu.vn\/#\/schema\/logo\/image\/\"}}]}<\/script>\n<!-- \/ Yoast SEO plugin. -->","yoast_head_json":{"title":"C\u01a1 s\u01a1\u0309 v\u00e2\u0323t ch\u00e2\u0301t - Tuy\u00ea\u0309n sinh tr\u01b0\u01a1\u0300ng \u0110H Ky\u0303 thu\u00e2\u0323t Y t\u00ea\u0301 Ha\u0309i D\u01b0\u01a1ng, tuy\u00ea\u0309n sinh \u0111a\u0323i ho\u0323c y, tuyen sinh dai hoc y","robots":{"index":"index","follow":"follow","max-snippet":"max-snippet:-1","max-image-preview":"max-image-preview:large","max-video-preview":"max-video-preview:-1"},"canonical":"https:\/\/tuyensinh.hmtu.edu.vn\/?page_id=6587","og_locale":"vi_VN","og_type":"article","og_title":"C\u01a1 s\u01a1\u0309 v\u00e2\u0323t ch\u00e2\u0301t - Tuy\u00ea\u0309n sinh tr\u01b0\u01a1\u0300ng \u0110H Ky\u0303 thu\u00e2\u0323t Y t\u00ea\u0301 Ha\u0309i D\u01b0\u01a1ng, tuy\u00ea\u0309n sinh \u0111a\u0323i ho\u0323c y, tuyen sinh dai hoc y","og_description":"C\u01a0 S\u01a0\u0309 V\u00c2\u0323T CH\u00c2\u0301T Khu nha\u0300 hi\u00ea\u0323u b\u00f4\u0323 Nha\u0300 hi\u00ea\u0323u b\u00f4\u0323 5 t\u00e2\u0300ng la\u0300 v\u0103n pho\u0300ng cu\u0309a ca\u0301c pho\u0300ng, khoa, b\u00f4\u0323 m\u00f4n Quang ca\u0309nh khu nha\u0300 hi\u00ea\u0323u b\u00f4\u0323 M\u00f4i tr\u01b0\u01a1\u0300ng ho\u0323c t\u00e2\u0323p va\u0300 la\u0300m vi\u00ea\u0323c: xanh &#8211; sa\u0323ch &#8211; \u0111e\u0323p Nha\u0300 thi \u0111\u00e2\u0301u \u0111a n\u0103ng R\u00f4\u0323ng ha\u0300ng tr\u0103m me\u0301t vu\u00f4ng, co\u0301 \u0111\u00e2\u0300y \u0111u\u0309 ti\u00ea\u0323n nghi","og_url":"https:\/\/tuyensinh.hmtu.edu.vn\/?page_id=6587","og_site_name":"Tuy\u00ea\u0309n sinh tr\u01b0\u01a1\u0300ng \u0110H Ky\u0303 thu\u00e2\u0323t Y t\u00ea\u0301 Ha\u0309i D\u01b0\u01a1ng, tuy\u00ea\u0309n sinh \u0111a\u0323i ho\u0323c y, tuyen sinh dai hoc y","article_modified_time":"2025-09-05T16:34:53+00:00","og_image":[{"width":592,"height":220,"url":"https:\/\/tuyensinh.hmtu.edu.vn\/wp-content\/uploads\/2024\/05\/logo-hien-thi-gui-link-10.jpg","type":"image\/jpeg"}],"twitter_card":"summary_large_image","twitter_misc":{"\u01af\u1edbc t\u00ednh th\u1eddi gian \u0111\u1ecdc":"1 ph\u00fat"},"schema":{"@context":"https:\/\/schema.org","@graph":[{"@type":"WebPage","@id":"https:\/\/tuyensinh.hmtu.edu.vn\/?page_id=6587","url":"https:\/\/tuyensinh.hmtu.edu.vn\/?page_id=6587","name":"C\u01a1 s\u01a1\u0309 v\u00e2\u0323t ch\u00e2\u0301t - Tuy\u00ea\u0309n sinh tr\u01b0\u01a1\u0300ng \u0110H Ky\u0303 thu\u00e2\u0323t Y t\u00ea\u0301 Ha\u0309i D\u01b0\u01a1ng, tuy\u00ea\u0309n sinh \u0111a\u0323i ho\u0323c y, tuyen sinh dai hoc y","isPartOf":{"@id":"https:\/\/tuyensinh.hmtu.edu.vn\/#website"},"datePublished":"2024-10-11T15:31:04+00:00","dateModified":"2025-09-05T16:34:53+00:00","breadcrumb":{"@id":"https:\/\/tuyensinh.hmtu.edu.vn\/?page_id=6587#breadcrumb"},"inLanguage":"vi","potentialAction":[{"@type":"ReadAction","target":["https:\/\/tuyensinh.hmtu.edu.vn\/?page_id=6587"]}]},{"@type":"BreadcrumbList","@id":"https:\/\/tuyensinh.hmtu.edu.vn\/?page_id=6587#breadcrumb","itemListElement":[{"@type":"ListItem","position":1,"name":"Trang ch\u1ee7","item":"https:\/\/tuyensinh.hmtu.edu.vn\/"},{"@type":"ListItem","position":2,"name":"C\u01a1 s\u01a1\u0309 v\u00e2\u0323t ch\u00e2\u0301t"}]},{"@type":"WebSite","@id":"https:\/\/tuyensinh.hmtu.edu.vn\/#website","url":"https:\/\/tuyensinh.hmtu.edu.vn\/","name":"Tuy\u00ea\u0309n sinh tr\u01b0\u01a1\u0300ng \u0110H Ky\u0303 thu\u00e2\u0323t Y t\u00ea\u0301 Ha\u0309i D\u01b0\u01a1ng","description":"Trang th\u00f4ng tin tuy\u00ea\u0309n sinh tr\u01b0\u01a1\u0300ng \u0111a\u0323i ho\u0323c ky\u0303 thu\u00e2\u0323t y t\u00ea\u0301 Ha\u0309i D\u01b0\u01a1ng, tuy\u00ea\u0309n sinh \u0111a\u0323i ho\u0323c y, tuyen sinh dai hoc y","publisher":{"@id":"https:\/\/tuyensinh.hmtu.edu.vn\/#organization"},"alternateName":"Trang tuy\u00ea\u0309n sinh tr\u01b0\u01a1\u0300ng \u0110a\u0323i ho\u0323c Ky\u0303 thu\u00e2\u0323t Y t\u00ea\u0301 Ha\u0309i D\u01b0\u01a1ng","potentialAction":[{"@type":"SearchAction","target":{"@type":"EntryPoint","urlTemplate":"https:\/\/tuyensinh.hmtu.edu.vn\/?s={search_term_string}"},"query-input":{"@type":"PropertyValueSpecification","valueRequired":true,"valueName":"search_term_string"}}],"inLanguage":"vi"},{"@type":"Organization","@id":"https:\/\/tuyensinh.hmtu.edu.vn\/#organization","name":"Tuy\u00ea\u0309n sinh tr\u01b0\u01a1\u0300ng \u0110H Ky\u0303 thu\u00e2\u0323t Y t\u00ea\u0301 Ha\u0309i D\u01b0\u01a1ng","url":"https:\/\/tuyensinh.hmtu.edu.vn\/","logo":{"@type":"ImageObject","inLanguage":"vi","@id":"https:\/\/tuyensinh.hmtu.edu.vn\/#\/schema\/logo\/image\/","url":"https:\/\/tuyensinh.hmtu.edu.vn\/wp-content\/uploads\/2024\/05\/logo-hien-thi-gui-link-10.jpg","contentUrl":"https:\/\/tuyensinh.hmtu.edu.vn\/wp-content\/uploads\/2024\/05\/logo-hien-thi-gui-link-10.jpg","width":592,"height":220,"caption":"Tuy\u00ea\u0309n sinh tr\u01b0\u01a1\u0300ng \u0110H Ky\u0303 thu\u00e2\u0323t Y t\u00ea\u0301 Ha\u0309i D\u01b0\u01a1ng"},"image":{"@id":"https:\/\/tuyensinh.hmtu.edu.vn\/#\/schema\/logo\/image\/"}}]}},"_links":{"self":[{"href":"https:\/\/tuyensinh.hmtu.edu.vn\/index.php?rest_route=\/wp\/v2\/pages\/6587","targetHints":{"allow":["GET"]}}],"collection":[{"href":"https:\/\/tuyensinh.hmtu.edu.vn\/index.php?rest_route=\/wp\/v2\/pages"}],"about":[{"href":"https:\/\/tuyensinh.hmtu.edu.vn\/index.php?rest_route=\/wp\/v2\/types\/page"}],"author":[{"embeddable":true,"href":"https:\/\/tuyensinh.hmtu.edu.vn\/index.php?rest_route=\/wp\/v2\/users\/1"}],"replies":[{"embeddable":true,"href":"https:\/\/tuyensinh.hmtu.edu.vn\/index.php?rest_route=%2Fwp%2Fv2%2Fcomments&post=6587"}],"version-history":[{"count":61,"href":"https:\/\/tuyensinh.hmtu.edu.vn\/index.php?rest_route=\/wp\/v2\/pages\/6587\/revisions"}],"predecessor-version":[{"id":11267,"href":"https:\/\/tuyensinh.hmtu.edu.vn\/index.php?rest_route=\/wp\/v2\/pages\/6587\/revisions\/11267"}],"wp:attachment":[{"href":"https:\/\/tuyensinh.hmtu.edu.vn\/index.php?rest_route=%2Fwp%2Fv2%2Fmedia&parent=6587"}],"curies":[{"name":"wp","href":"https:\/\/api.w.org\/{rel}","templated":true}]}}