{"id":8484,"date":"2025-02-06T08:24:58","date_gmt":"2025-02-06T01:24:58","guid":{"rendered":"https:\/\/tuyensinh.hmtu.edu.vn\/?page_id=8484"},"modified":"2025-02-06T22:12:45","modified_gmt":"2025-02-06T15:12:45","slug":"dang-ky-hoc-lop-cki","status":"publish","type":"page","link":"https:\/\/tuyensinh.hmtu.edu.vn\/?page_id=8484","title":{"rendered":"Phi\u00ea\u0301u \u0111\u0103ng ky\u0301 l\u01a1\u0301p CKI 2025"},"content":{"rendered":"\t\t<div data-elementor-type=\"wp-page\" data-elementor-id=\"8484\" class=\"elementor elementor-8484\" data-elementor-post-type=\"page\">\n\t\t\t\t\t\t<section data-particle_enable=\"false\" data-particle-mobile-disabled=\"false\" class=\"elementor-section elementor-top-section elementor-element elementor-element-8ec9841 elementor-section-boxed elementor-section-height-default elementor-section-height-default\" data-id=\"8ec9841\" data-element_type=\"section\">\n\t\t\t\t\t\t<div class=\"elementor-container elementor-column-gap-no\">\n\t\t\t\t\t<div class=\"elementor-column elementor-col-100 elementor-top-column elementor-element elementor-element-7818024\" data-id=\"7818024\" data-element_type=\"column\">\n\t\t\t<div class=\"elementor-widget-wrap elementor-element-populated\">\n\t\t\t\t\t\t<div class=\"elementor-element elementor-element-1fefab7 elementor-widget-divider--view-line_text elementor-widget-divider--element-align-center elementor-widget elementor-widget-divider\" data-id=\"1fefab7\" data-element_type=\"widget\" data-widget_type=\"divider.default\">\n\t\t\t\t<div class=\"elementor-widget-container\">\n\t\t\t\t\t\t\t<div class=\"elementor-divider\">\n\t\t\t<span class=\"elementor-divider-separator\">\n\t\t\t\t\t\t\t<span class=\"elementor-divider__text elementor-divider__element\">\n\t\t\t\tTH\u00d4NG TIN TUY\u00ca\u0309N SINH CKI N\u0102M 2025\t\t\t\t<\/span>\n\t\t\t\t\t\t<\/span>\n\t\t<\/div>\n\t\t\t\t\t\t<\/div>\n\t\t\t\t<\/div>\n\t\t\t\t\t<\/div>\n\t\t<\/div>\n\t\t\t\t\t<\/div>\n\t\t<\/section>\n\t\t\t\t<section data-particle_enable=\"false\" data-particle-mobile-disabled=\"false\" class=\"elementor-section elementor-top-section elementor-element elementor-element-92b8ef3 elementor-section-boxed elementor-section-height-default elementor-section-height-default\" data-id=\"92b8ef3\" data-element_type=\"section\">\n\t\t\t\t\t\t<div class=\"elementor-container elementor-column-gap-custom\">\n\t\t\t\t\t<div class=\"elementor-column elementor-col-100 elementor-top-column elementor-element elementor-element-8add0f3\" data-id=\"8add0f3\" data-element_type=\"column\">\n\t\t\t<div class=\"elementor-widget-wrap elementor-element-populated\">\n\t\t\t\t\t\t<div class=\"elementor-element elementor-element-b7b74d2 elementor-widget elementor-widget-text-editor\" data-id=\"b7b74d2\" data-element_type=\"widget\" data-widget_type=\"text-editor.default\">\n\t\t\t\t<div class=\"elementor-widget-container\">\n\t\t\t\t\t\t\t\t\t<p><span style=\"color: #000000; font-family: tahoma, arial, helvetica, sans-serif;\">Tr\u01b0\u1eddng \u0110\u1ea1i h\u1ecdc K\u1ef9 thu\u1eadt Y t\u1ebf H\u1ea3i D\u01b0\u01a1ng t\u00f4\u0309 ch\u01b0\u0301c tuy\u00ea\u0309n sinh chuy\u00ean khoa c\u00e2\u0301p I (CKI) n\u0103m 2025 cho Ba\u0301c si\u0303 va\u0300 C\u01b0\u0309 nh\u00e2n kh\u00f4\u0301i nga\u0300nh s\u01b0\u0301c kho\u0309e bao g\u00f4\u0300m 4 chuy\u00ean nga\u0300nh va\u0300 chi\u0309 ti\u00eau nh\u01b0 sau:<\/span><\/p><ol><li><span style=\"color: #000000; font-family: tahoma, arial, helvetica, sans-serif;\">N\u00f4\u0323i khoa &#8211; Chi\u0309 ti\u00eau 15<\/span><\/li><li><span style=\"color: #000000; font-family: tahoma, arial, helvetica, sans-serif;\">\u0110i\u00ea\u0300u d\u01b0\u01a1\u0303ng &#8211; Chi\u0309 ti\u00eau 50<\/span><\/li><li><span style=\"color: #000000; font-family: tahoma, arial, helvetica, sans-serif;\">Xe\u0301t nghi\u00ea\u0323m y ho\u0323c &#8211; Chi\u0309 ti\u00eau 30<\/span><\/li><li><span style=\"color: #000000; font-family: tahoma, arial, helvetica, sans-serif;\">Phu\u0323c h\u00f4\u0300i ch\u01b0\u0301c n\u0103ng &#8211; Chi\u0309 ti\u00eau 30<\/span><\/li><\/ol><p><span style=\"color: #000000; font-family: tahoma, arial, helvetica, sans-serif;\"><strong>Hi\u0300nh th\u01b0\u0301c \u0111a\u0300o ta\u0323o: <\/strong>T\u00e2\u0323p chung;\u00a0 <strong>Th\u01a1\u0300i gian \u0111a\u0300o ta\u0323o:<\/strong> 02 n\u0103m<\/span><\/p><p><span style=\"color: #000000; font-family: tahoma, arial, helvetica, sans-serif;\">\u0110i\u00ea\u0300u ki\u00ea\u0323n d\u01b0\u0323 tuy\u00ea\u0309n, hi\u0300nh th\u01b0\u0301c, n\u00f4\u0323i dung thi tuy\u00ea\u0309n va\u0300 ca\u0301c n\u00f4\u0323i dung kha\u0301c vui lo\u0300ng xem chi ti\u00ea\u0301t ta\u0323i File \u0111i\u0301nh ke\u0300m b\u00ean d\u01b0\u01a1\u0301i.<\/span><\/p>\t\t\t\t\t\t\t\t<\/div>\n\t\t\t\t<\/div>\n\t\t\t\t\t<\/div>\n\t\t<\/div>\n\t\t\t\t\t<\/div>\n\t\t<\/section>\n\t\t\t\t<section data-particle_enable=\"false\" data-particle-mobile-disabled=\"false\" class=\"elementor-section elementor-top-section elementor-element elementor-element-429aa88 elementor-section-boxed elementor-section-height-default elementor-section-height-default\" data-id=\"429aa88\" data-element_type=\"section\">\n\t\t\t\t\t\t<div class=\"elementor-container elementor-column-gap-no\">\n\t\t\t\t\t<div class=\"elementor-column elementor-col-33 elementor-top-column elementor-element elementor-element-5236043\" data-id=\"5236043\" data-element_type=\"column\">\n\t\t\t<div class=\"elementor-widget-wrap\">\n\t\t\t\t\t\t\t<\/div>\n\t\t<\/div>\n\t\t\t\t<div class=\"elementor-column elementor-col-33 elementor-top-column elementor-element elementor-element-02ec882\" data-id=\"02ec882\" data-element_type=\"column\">\n\t\t\t<div class=\"elementor-widget-wrap elementor-element-populated\">\n\t\t\t\t\t\t<div class=\"elementor-element elementor-element-975ec78 elementor-align-center elementor-widget elementor-widget-button\" data-id=\"975ec78\" data-element_type=\"widget\" data-widget_type=\"button.default\">\n\t\t\t\t<div class=\"elementor-widget-container\">\n\t\t\t\t\t\t\t\t\t<div class=\"elementor-button-wrapper\">\n\t\t\t\t\t<a class=\"elementor-button elementor-button-link elementor-size-sm\" href=\"https:\/\/drive.google.com\/file\/d\/1Rlz7LzT55lsaUCNYj6d5asEjg5zcrE_r\/view?usp=sharing\">\n\t\t\t\t\t\t<span class=\"elementor-button-content-wrapper\">\n\t\t\t\t\t\t<span class=\"elementor-button-icon\">\n\t\t\t\t<i aria-hidden=\"true\" class=\"fas fa-download\"><\/i>\t\t\t<\/span>\n\t\t\t\t\t\t\t\t\t<span class=\"elementor-button-text\">Xem va\u0300 ta\u0309i File v\u00ea\u0300 tuy\u00ea\u0309n sinh CKI<\/span>\n\t\t\t\t\t<\/span>\n\t\t\t\t\t<\/a>\n\t\t\t\t<\/div>\n\t\t\t\t\t\t\t\t<\/div>\n\t\t\t\t<\/div>\n\t\t\t\t\t<\/div>\n\t\t<\/div>\n\t\t\t\t<div class=\"elementor-column elementor-col-33 elementor-top-column elementor-element elementor-element-3dce475\" data-id=\"3dce475\" data-element_type=\"column\">\n\t\t\t<div class=\"elementor-widget-wrap\">\n\t\t\t\t\t\t\t<\/div>\n\t\t<\/div>\n\t\t\t\t\t<\/div>\n\t\t<\/section>\n\t\t\t\t<section data-particle_enable=\"false\" data-particle-mobile-disabled=\"false\" class=\"elementor-section elementor-top-section elementor-element elementor-element-b612b3e elementor-section-boxed elementor-section-height-default elementor-section-height-default\" data-id=\"b612b3e\" data-element_type=\"section\">\n\t\t\t\t\t\t<div class=\"elementor-container elementor-column-gap-custom\">\n\t\t\t\t\t<div class=\"elementor-column elementor-col-100 elementor-top-column elementor-element elementor-element-6eef519\" data-id=\"6eef519\" data-element_type=\"column\">\n\t\t\t<div class=\"elementor-widget-wrap elementor-element-populated\">\n\t\t\t\t\t\t<div class=\"elementor-element elementor-element-70f1250 elementor-widget-divider--view-line_text elementor-widget-divider--element-align-center elementor-widget elementor-widget-divider\" data-id=\"70f1250\" data-element_type=\"widget\" data-widget_type=\"divider.default\">\n\t\t\t\t<div class=\"elementor-widget-container\">\n\t\t\t\t\t\t\t<div class=\"elementor-divider\">\n\t\t\t<span class=\"elementor-divider-separator\">\n\t\t\t\t\t\t\t<span class=\"elementor-divider__text elementor-divider__element\">\n\t\t\t\t\u0110\u0102NG KY\u0301 D\u01af\u0323 THI CKI N\u0102M 2025\t\t\t\t<\/span>\n\t\t\t\t\t\t<\/span>\n\t\t<\/div>\n\t\t\t\t\t\t<\/div>\n\t\t\t\t<\/div>\n\t\t\t\t<div class=\"elementor-element elementor-element-dcb7454 elementor-widget elementor-widget-html\" data-id=\"dcb7454\" data-element_type=\"widget\" data-widget_type=\"html.default\">\n\t\t\t\t<div class=\"elementor-widget-container\">\n\t\t\t\t\t\n<div class=\"wpcf7 no-js\" id=\"wpcf7-f8505-o1\" lang=\"vi\" dir=\"ltr\" data-wpcf7-id=\"8505\">\n<div class=\"screen-reader-response\"><p role=\"status\" aria-live=\"polite\" aria-atomic=\"true\"><\/p> <ul><\/ul><\/div>\n<form action=\"\/index.php?rest_route=%2Fwp%2Fv2%2Fpages%2F8484#wpcf7-f8505-o1\" method=\"post\" class=\"wpcf7-form init\" aria-label=\"Form li\u00ean h\u1ec7\" novalidate=\"novalidate\" data-status=\"init\">\n<fieldset class=\"hidden-fields-container\"><input type=\"hidden\" name=\"_wpcf7\" value=\"8505\" \/><input type=\"hidden\" name=\"_wpcf7_version\" value=\"6.1.5\" \/><input type=\"hidden\" name=\"_wpcf7_locale\" value=\"vi\" \/><input type=\"hidden\" name=\"_wpcf7_unit_tag\" value=\"wpcf7-f8505-o1\" \/><input type=\"hidden\" name=\"_wpcf7_container_post\" value=\"0\" \/><input type=\"hidden\" name=\"_wpcf7_posted_data_hash\" value=\"\" \/><input type=\"hidden\" name=\"_wpcf7cf_hidden_group_fields\" value=\"[]\" \/><input type=\"hidden\" name=\"_wpcf7cf_hidden_groups\" value=\"[]\" \/><input type=\"hidden\" name=\"_wpcf7cf_visible_groups\" value=\"[]\" \/><input type=\"hidden\" name=\"_wpcf7cf_repeaters\" value=\"[]\" \/><input type=\"hidden\" name=\"_wpcf7cf_steps\" value=\"{}\" \/><input type=\"hidden\" name=\"_wpcf7cf_options\" value=\"{&quot;form_id&quot;:8505,&quot;conditions&quot;:[],&quot;settings&quot;:{&quot;animation&quot;:&quot;yes&quot;,&quot;animation_intime&quot;:200,&quot;animation_outtime&quot;:200,&quot;conditions_ui&quot;:&quot;normal&quot;,&quot;notice_dismissed&quot;:false,&quot;notice_dismissed_update-cf7-5.9.8&quot;:true}}\" \/>\n<\/fieldset>\n<div class=\"cf-container\">\n\t<div class=\"cf-col-6\">\n\t\t<p><label> Ho\u0323 va\u0300 t\u00ean<br \/>\n<span class=\"wpcf7-form-control-wrap\" data-name=\"ho-ten-hoc-vien-dkCKI\"><input size=\"40\" maxlength=\"400\" class=\"wpcf7-form-control wpcf7-text wpcf7-validates-as-required\" aria-required=\"true\" aria-invalid=\"false\" value=\"\" type=\"text\" name=\"ho-ten-hoc-vien-dkCKI\" \/><\/span> <\/label>\n\t\t<\/p>\n\t<\/div>\n\t<div class=\"cf-col-3\">\n\t\t<p><label> Nga\u0300y tha\u0301ng n\u0103m sinh<br \/>\n<span class=\"wpcf7-form-control-wrap\" data-name=\"ngay-thang-nam-sin-HVDKCKI\"><input class=\"wpcf7-form-control wpcf7-date wpcf7-validates-as-required wpcf7-validates-as-date\" aria-required=\"true\" aria-invalid=\"false\" value=\"\" type=\"date\" name=\"ngay-thang-nam-sin-HVDKCKI\" \/><\/span> <\/label>\n\t\t<\/p>\n\t<\/div>\n\t<div class=\"cf-col-3\">\n\t\t<p><label> S\u00f4\u0301 \u0111i\u00ea\u0323n thoa\u0323i li\u00ean h\u00ea\u0323<br \/>\n<span class=\"wpcf7-form-control-wrap\" data-name=\"SDT-HVDKCKI\"><input size=\"40\" maxlength=\"400\" class=\"wpcf7-form-control wpcf7-text wpcf7-validates-as-required\" aria-required=\"true\" aria-invalid=\"false\" value=\"\" type=\"text\" name=\"SDT-HVDKCKI\" \/><\/span> <\/label>\n\t\t<\/p>\n\t<\/div>\n\t<div class=\"cf-col-6\">\n\t\t<p><label> \u0110i\u0323a chi\u0309 mail<br \/>\n<span class=\"wpcf7-form-control-wrap\" data-name=\"email-HVDKCKI\"><input size=\"40\" maxlength=\"400\" class=\"wpcf7-form-control wpcf7-email wpcf7-validates-as-required wpcf7-text wpcf7-validates-as-email\" aria-required=\"true\" aria-invalid=\"false\" value=\"\" type=\"email\" name=\"email-HVDKCKI\" \/><\/span> <\/label>\n\t\t<\/p>\n\t<\/div>\n\t<div class=\"cf-col-6\">\n\t\t<p><label> \u0110i\u0323a chi\u0309 li\u00ean h\u00ea\u0323<br \/>\n<span class=\"wpcf7-form-control-wrap\" data-name=\"dia-chi-lien-he-HVDKCKI\"><input size=\"40\" maxlength=\"400\" class=\"wpcf7-form-control wpcf7-text wpcf7-validates-as-required\" aria-required=\"true\" aria-invalid=\"false\" value=\"\" type=\"text\" name=\"dia-chi-lien-he-HVDKCKI\" \/><\/span> <\/label>\n\t\t<\/p>\n\t<\/div>\n\t<div class=\"cf-col-6\">\n\t\t<p><label> \u0110\u01a1n vi\u0323 c\u00f4ng ta\u0301c<br \/>\n<span class=\"wpcf7-form-control-wrap\" data-name=\"DVCT-HVDKCKI\"><input size=\"40\" maxlength=\"400\" class=\"wpcf7-form-control wpcf7-text wpcf7-validates-as-required\" aria-required=\"true\" aria-invalid=\"false\" value=\"\" type=\"text\" name=\"DVCT-HVDKCKI\" \/><\/span> <\/label>\n\t\t<\/p>\n\t<\/div>\n\t<div class=\"cf-col-6\">\n\t\t<p><label> \u0110\u0103ng ky\u0301 d\u01b0\u0323 thi nga\u0300nh<br \/>\n<span class=\"wpcf7-form-control-wrap\" data-name=\"DKDT-CKI\"><select class=\"wpcf7-form-control wpcf7-select wpcf7-validates-as-required\" aria-required=\"true\" aria-invalid=\"false\" name=\"DKDT-CKI\"><option value=\"\">&#8212;Vui l\u00f2ng ch\u1ecdn&#8212;<\/option><option value=\"N\u00f4\u0323i khoa\">N\u00f4\u0323i khoa<\/option><option value=\"\u0110i\u00ea\u0300u d\u01b0\u01a1\u0303ng\">\u0110i\u00ea\u0300u d\u01b0\u01a1\u0303ng<\/option><option value=\"Xe\u0301t nghi\u00ea\u0323m y ho\u0323c\">Xe\u0301t nghi\u00ea\u0323m y ho\u0323c<\/option><option value=\"Phu\u0323c h\u00f4\u0300i ch\u01b0\u0301c n\u0103ng\">Phu\u0323c h\u00f4\u0300i ch\u01b0\u0301c n\u0103ng<\/option><\/select><\/span><br \/>\n<\/label>\n\t\t<\/p>\n\t<\/div>\n<\/div>\n<p><input class=\"wpcf7-form-control wpcf7-submit has-spinner\" type=\"submit\" value=\"\u0110\u0103ng ky\u0301\" \/>\n<\/p><div class=\"wpcf7-response-output\" aria-hidden=\"true\"><\/div>\n<\/form>\n<\/div>\n\t\t\t\t<\/div>\n\t\t\t\t<\/div>\n\t\t\t\t\t<\/div>\n\t\t<\/div>\n\t\t\t\t\t<\/div>\n\t\t<\/section>\n\t\t\t\t<\/div>\n\t\t","protected":false},"excerpt":{"rendered":"<p>TH\u00d4NG TIN TUY\u00ca\u0309N SINH CKI N\u0102M 2025 Tr\u01b0\u1eddng \u0110\u1ea1i h\u1ecdc K\u1ef9 thu\u1eadt Y t\u1ebf H\u1ea3i D\u01b0\u01a1ng t\u00f4\u0309 ch\u01b0\u0301c tuy\u00ea\u0309n sinh chuy\u00ean khoa c\u00e2\u0301p I (CKI) n\u0103m 2025 cho Ba\u0301c si\u0303 va\u0300 C\u01b0\u0309 nh\u00e2n kh\u00f4\u0301i nga\u0300nh s\u01b0\u0301c kho\u0309e bao g\u00f4\u0300m 4 chuy\u00ean nga\u0300nh va\u0300 chi\u0309 ti\u00eau nh\u01b0 sau: N\u00f4\u0323i khoa &#8211; Chi\u0309 ti\u00eau 15 \u0110i\u00ea\u0300u d\u01b0\u01a1\u0303ng<\/p>\n","protected":false},"author":1,"featured_media":0,"parent":0,"menu_order":0,"comment_status":"closed","ping_status":"closed","template":"","meta":{"footnotes":""},"class_list":["post-8484","page","type-page","status-publish","hentry"],"yoast_head":"<!-- This site is optimized with the Yoast SEO plugin v27.2 - https:\/\/yoast.com\/product\/yoast-seo-wordpress\/ -->\n<title>Phi\u00ea\u0301u \u0111\u0103ng ky\u0301 l\u01a1\u0301p CKI 2025 - Tuy\u00ea\u0309n sinh tr\u01b0\u01a1\u0300ng \u0110H Ky\u0303 thu\u00e2\u0323t Y t\u00ea\u0301 Ha\u0309i D\u01b0\u01a1ng, tuy\u00ea\u0309n sinh \u0111a\u0323i ho\u0323c y, tuyen sinh dai hoc y<\/title>\n<meta name=\"robots\" content=\"index, follow, max-snippet:-1, max-image-preview:large, max-video-preview:-1\" \/>\n<link rel=\"canonical\" href=\"https:\/\/tuyensinh.hmtu.edu.vn\/?page_id=8484\" \/>\n<meta property=\"og:locale\" content=\"vi_VN\" \/>\n<meta property=\"og:type\" content=\"article\" \/>\n<meta property=\"og:title\" content=\"Phi\u00ea\u0301u \u0111\u0103ng ky\u0301 l\u01a1\u0301p CKI 2025 - Tuy\u00ea\u0309n sinh tr\u01b0\u01a1\u0300ng \u0110H Ky\u0303 thu\u00e2\u0323t Y t\u00ea\u0301 Ha\u0309i D\u01b0\u01a1ng, tuy\u00ea\u0309n sinh \u0111a\u0323i ho\u0323c y, tuyen sinh dai hoc y\" \/>\n<meta property=\"og:description\" content=\"TH\u00d4NG TIN TUY\u00ca\u0309N SINH CKI N\u0102M 2025 Tr\u01b0\u1eddng \u0110\u1ea1i h\u1ecdc K\u1ef9 thu\u1eadt Y t\u1ebf H\u1ea3i D\u01b0\u01a1ng t\u00f4\u0309 ch\u01b0\u0301c tuy\u00ea\u0309n sinh chuy\u00ean khoa c\u00e2\u0301p I (CKI) n\u0103m 2025 cho Ba\u0301c si\u0303 va\u0300 C\u01b0\u0309 nh\u00e2n kh\u00f4\u0301i nga\u0300nh s\u01b0\u0301c kho\u0309e bao g\u00f4\u0300m 4 chuy\u00ean nga\u0300nh va\u0300 chi\u0309 ti\u00eau nh\u01b0 sau: N\u00f4\u0323i khoa &#8211; Chi\u0309 ti\u00eau 15 \u0110i\u00ea\u0300u d\u01b0\u01a1\u0303ng\" \/>\n<meta property=\"og:url\" content=\"https:\/\/tuyensinh.hmtu.edu.vn\/?page_id=8484\" \/>\n<meta property=\"og:site_name\" content=\"Tuy\u00ea\u0309n sinh tr\u01b0\u01a1\u0300ng \u0110H Ky\u0303 thu\u00e2\u0323t Y t\u00ea\u0301 Ha\u0309i D\u01b0\u01a1ng, tuy\u00ea\u0309n sinh \u0111a\u0323i ho\u0323c y, tuyen sinh dai hoc y\" \/>\n<meta property=\"article:modified_time\" content=\"2025-02-06T15:12:45+00:00\" \/>\n<meta property=\"og:image\" content=\"https:\/\/tuyensinh.hmtu.edu.vn\/wp-content\/uploads\/2024\/05\/logo-hien-thi-gui-link-10.jpg\" \/>\n\t<meta property=\"og:image:width\" content=\"592\" \/>\n\t<meta property=\"og:image:height\" content=\"220\" \/>\n\t<meta property=\"og:image:type\" content=\"image\/jpeg\" \/>\n<meta name=\"twitter:card\" content=\"summary_large_image\" \/>\n<meta name=\"twitter:label1\" content=\"\u01af\u1edbc t\u00ednh th\u1eddi gian \u0111\u1ecdc\" \/>\n\t<meta name=\"twitter:data1\" content=\"1 ph\u00fat\" \/>\n<script type=\"application\/ld+json\" class=\"yoast-schema-graph\">{\"@context\":\"https:\/\/schema.org\",\"@graph\":[{\"@type\":\"WebPage\",\"@id\":\"https:\/\/tuyensinh.hmtu.edu.vn\/?page_id=8484\",\"url\":\"https:\/\/tuyensinh.hmtu.edu.vn\/?page_id=8484\",\"name\":\"Phi\u00ea\u0301u \u0111\u0103ng ky\u0301 l\u01a1\u0301p CKI 2025 - Tuy\u00ea\u0309n sinh tr\u01b0\u01a1\u0300ng \u0110H Ky\u0303 thu\u00e2\u0323t Y t\u00ea\u0301 Ha\u0309i D\u01b0\u01a1ng, tuy\u00ea\u0309n sinh \u0111a\u0323i ho\u0323c y, tuyen sinh dai hoc y\",\"isPartOf\":{\"@id\":\"https:\/\/tuyensinh.hmtu.edu.vn\/#website\"},\"datePublished\":\"2025-02-06T01:24:58+00:00\",\"dateModified\":\"2025-02-06T15:12:45+00:00\",\"breadcrumb\":{\"@id\":\"https:\/\/tuyensinh.hmtu.edu.vn\/?page_id=8484#breadcrumb\"},\"inLanguage\":\"vi\",\"potentialAction\":[{\"@type\":\"ReadAction\",\"target\":[\"https:\/\/tuyensinh.hmtu.edu.vn\/?page_id=8484\"]}]},{\"@type\":\"BreadcrumbList\",\"@id\":\"https:\/\/tuyensinh.hmtu.edu.vn\/?page_id=8484#breadcrumb\",\"itemListElement\":[{\"@type\":\"ListItem\",\"position\":1,\"name\":\"Trang ch\u1ee7\",\"item\":\"https:\/\/tuyensinh.hmtu.edu.vn\/\"},{\"@type\":\"ListItem\",\"position\":2,\"name\":\"Phi\u00ea\u0301u \u0111\u0103ng ky\u0301 l\u01a1\u0301p CKI 2025\"}]},{\"@type\":\"WebSite\",\"@id\":\"https:\/\/tuyensinh.hmtu.edu.vn\/#website\",\"url\":\"https:\/\/tuyensinh.hmtu.edu.vn\/\",\"name\":\"Tuy\u00ea\u0309n sinh tr\u01b0\u01a1\u0300ng \u0110H Ky\u0303 thu\u00e2\u0323t Y t\u00ea\u0301 Ha\u0309i D\u01b0\u01a1ng\",\"description\":\"Trang th\u00f4ng tin tuy\u00ea\u0309n sinh tr\u01b0\u01a1\u0300ng \u0111a\u0323i ho\u0323c ky\u0303 thu\u00e2\u0323t y t\u00ea\u0301 Ha\u0309i D\u01b0\u01a1ng, tuy\u00ea\u0309n sinh \u0111a\u0323i ho\u0323c y, tuyen sinh dai hoc y\",\"publisher\":{\"@id\":\"https:\/\/tuyensinh.hmtu.edu.vn\/#organization\"},\"alternateName\":\"Trang tuy\u00ea\u0309n sinh tr\u01b0\u01a1\u0300ng \u0110a\u0323i ho\u0323c Ky\u0303 thu\u00e2\u0323t Y t\u00ea\u0301 Ha\u0309i D\u01b0\u01a1ng\",\"potentialAction\":[{\"@type\":\"SearchAction\",\"target\":{\"@type\":\"EntryPoint\",\"urlTemplate\":\"https:\/\/tuyensinh.hmtu.edu.vn\/?s={search_term_string}\"},\"query-input\":{\"@type\":\"PropertyValueSpecification\",\"valueRequired\":true,\"valueName\":\"search_term_string\"}}],\"inLanguage\":\"vi\"},{\"@type\":\"Organization\",\"@id\":\"https:\/\/tuyensinh.hmtu.edu.vn\/#organization\",\"name\":\"Tuy\u00ea\u0309n sinh tr\u01b0\u01a1\u0300ng \u0110H Ky\u0303 thu\u00e2\u0323t Y t\u00ea\u0301 Ha\u0309i D\u01b0\u01a1ng\",\"url\":\"https:\/\/tuyensinh.hmtu.edu.vn\/\",\"logo\":{\"@type\":\"ImageObject\",\"inLanguage\":\"vi\",\"@id\":\"https:\/\/tuyensinh.hmtu.edu.vn\/#\/schema\/logo\/image\/\",\"url\":\"https:\/\/tuyensinh.hmtu.edu.vn\/wp-content\/uploads\/2024\/05\/logo-hien-thi-gui-link-10.jpg\",\"contentUrl\":\"https:\/\/tuyensinh.hmtu.edu.vn\/wp-content\/uploads\/2024\/05\/logo-hien-thi-gui-link-10.jpg\",\"width\":592,\"height\":220,\"caption\":\"Tuy\u00ea\u0309n sinh tr\u01b0\u01a1\u0300ng \u0110H Ky\u0303 thu\u00e2\u0323t Y t\u00ea\u0301 Ha\u0309i D\u01b0\u01a1ng\"},\"image\":{\"@id\":\"https:\/\/tuyensinh.hmtu.edu.vn\/#\/schema\/logo\/image\/\"}}]}<\/script>\n<!-- \/ Yoast SEO plugin. -->","yoast_head_json":{"title":"Phi\u00ea\u0301u \u0111\u0103ng ky\u0301 l\u01a1\u0301p CKI 2025 - Tuy\u00ea\u0309n sinh tr\u01b0\u01a1\u0300ng \u0110H Ky\u0303 thu\u00e2\u0323t Y t\u00ea\u0301 Ha\u0309i D\u01b0\u01a1ng, tuy\u00ea\u0309n sinh \u0111a\u0323i ho\u0323c y, tuyen sinh dai hoc y","robots":{"index":"index","follow":"follow","max-snippet":"max-snippet:-1","max-image-preview":"max-image-preview:large","max-video-preview":"max-video-preview:-1"},"canonical":"https:\/\/tuyensinh.hmtu.edu.vn\/?page_id=8484","og_locale":"vi_VN","og_type":"article","og_title":"Phi\u00ea\u0301u \u0111\u0103ng ky\u0301 l\u01a1\u0301p CKI 2025 - Tuy\u00ea\u0309n sinh tr\u01b0\u01a1\u0300ng \u0110H Ky\u0303 thu\u00e2\u0323t Y t\u00ea\u0301 Ha\u0309i D\u01b0\u01a1ng, tuy\u00ea\u0309n sinh \u0111a\u0323i ho\u0323c y, tuyen sinh dai hoc y","og_description":"TH\u00d4NG TIN TUY\u00ca\u0309N SINH CKI N\u0102M 2025 Tr\u01b0\u1eddng \u0110\u1ea1i h\u1ecdc K\u1ef9 thu\u1eadt Y t\u1ebf H\u1ea3i D\u01b0\u01a1ng t\u00f4\u0309 ch\u01b0\u0301c tuy\u00ea\u0309n sinh chuy\u00ean khoa c\u00e2\u0301p I (CKI) n\u0103m 2025 cho Ba\u0301c si\u0303 va\u0300 C\u01b0\u0309 nh\u00e2n kh\u00f4\u0301i nga\u0300nh s\u01b0\u0301c kho\u0309e bao g\u00f4\u0300m 4 chuy\u00ean nga\u0300nh va\u0300 chi\u0309 ti\u00eau nh\u01b0 sau: N\u00f4\u0323i khoa &#8211; Chi\u0309 ti\u00eau 15 \u0110i\u00ea\u0300u d\u01b0\u01a1\u0303ng","og_url":"https:\/\/tuyensinh.hmtu.edu.vn\/?page_id=8484","og_site_name":"Tuy\u00ea\u0309n sinh tr\u01b0\u01a1\u0300ng \u0110H Ky\u0303 thu\u00e2\u0323t Y t\u00ea\u0301 Ha\u0309i D\u01b0\u01a1ng, tuy\u00ea\u0309n sinh \u0111a\u0323i ho\u0323c y, tuyen sinh dai hoc y","article_modified_time":"2025-02-06T15:12:45+00:00","og_image":[{"width":592,"height":220,"url":"https:\/\/tuyensinh.hmtu.edu.vn\/wp-content\/uploads\/2024\/05\/logo-hien-thi-gui-link-10.jpg","type":"image\/jpeg"}],"twitter_card":"summary_large_image","twitter_misc":{"\u01af\u1edbc t\u00ednh th\u1eddi gian \u0111\u1ecdc":"1 ph\u00fat"},"schema":{"@context":"https:\/\/schema.org","@graph":[{"@type":"WebPage","@id":"https:\/\/tuyensinh.hmtu.edu.vn\/?page_id=8484","url":"https:\/\/tuyensinh.hmtu.edu.vn\/?page_id=8484","name":"Phi\u00ea\u0301u \u0111\u0103ng ky\u0301 l\u01a1\u0301p CKI 2025 - Tuy\u00ea\u0309n sinh tr\u01b0\u01a1\u0300ng \u0110H Ky\u0303 thu\u00e2\u0323t Y t\u00ea\u0301 Ha\u0309i D\u01b0\u01a1ng, tuy\u00ea\u0309n sinh \u0111a\u0323i ho\u0323c y, tuyen sinh dai hoc y","isPartOf":{"@id":"https:\/\/tuyensinh.hmtu.edu.vn\/#website"},"datePublished":"2025-02-06T01:24:58+00:00","dateModified":"2025-02-06T15:12:45+00:00","breadcrumb":{"@id":"https:\/\/tuyensinh.hmtu.edu.vn\/?page_id=8484#breadcrumb"},"inLanguage":"vi","potentialAction":[{"@type":"ReadAction","target":["https:\/\/tuyensinh.hmtu.edu.vn\/?page_id=8484"]}]},{"@type":"BreadcrumbList","@id":"https:\/\/tuyensinh.hmtu.edu.vn\/?page_id=8484#breadcrumb","itemListElement":[{"@type":"ListItem","position":1,"name":"Trang ch\u1ee7","item":"https:\/\/tuyensinh.hmtu.edu.vn\/"},{"@type":"ListItem","position":2,"name":"Phi\u00ea\u0301u \u0111\u0103ng ky\u0301 l\u01a1\u0301p CKI 2025"}]},{"@type":"WebSite","@id":"https:\/\/tuyensinh.hmtu.edu.vn\/#website","url":"https:\/\/tuyensinh.hmtu.edu.vn\/","name":"Tuy\u00ea\u0309n sinh tr\u01b0\u01a1\u0300ng \u0110H Ky\u0303 thu\u00e2\u0323t Y t\u00ea\u0301 Ha\u0309i D\u01b0\u01a1ng","description":"Trang th\u00f4ng tin tuy\u00ea\u0309n sinh tr\u01b0\u01a1\u0300ng \u0111a\u0323i ho\u0323c ky\u0303 thu\u00e2\u0323t y t\u00ea\u0301 Ha\u0309i D\u01b0\u01a1ng, tuy\u00ea\u0309n sinh \u0111a\u0323i ho\u0323c y, tuyen sinh dai hoc y","publisher":{"@id":"https:\/\/tuyensinh.hmtu.edu.vn\/#organization"},"alternateName":"Trang tuy\u00ea\u0309n sinh tr\u01b0\u01a1\u0300ng \u0110a\u0323i ho\u0323c Ky\u0303 thu\u00e2\u0323t Y t\u00ea\u0301 Ha\u0309i D\u01b0\u01a1ng","potentialAction":[{"@type":"SearchAction","target":{"@type":"EntryPoint","urlTemplate":"https:\/\/tuyensinh.hmtu.edu.vn\/?s={search_term_string}"},"query-input":{"@type":"PropertyValueSpecification","valueRequired":true,"valueName":"search_term_string"}}],"inLanguage":"vi"},{"@type":"Organization","@id":"https:\/\/tuyensinh.hmtu.edu.vn\/#organization","name":"Tuy\u00ea\u0309n sinh tr\u01b0\u01a1\u0300ng \u0110H Ky\u0303 thu\u00e2\u0323t Y t\u00ea\u0301 Ha\u0309i D\u01b0\u01a1ng","url":"https:\/\/tuyensinh.hmtu.edu.vn\/","logo":{"@type":"ImageObject","inLanguage":"vi","@id":"https:\/\/tuyensinh.hmtu.edu.vn\/#\/schema\/logo\/image\/","url":"https:\/\/tuyensinh.hmtu.edu.vn\/wp-content\/uploads\/2024\/05\/logo-hien-thi-gui-link-10.jpg","contentUrl":"https:\/\/tuyensinh.hmtu.edu.vn\/wp-content\/uploads\/2024\/05\/logo-hien-thi-gui-link-10.jpg","width":592,"height":220,"caption":"Tuy\u00ea\u0309n sinh tr\u01b0\u01a1\u0300ng \u0110H Ky\u0303 thu\u00e2\u0323t Y t\u00ea\u0301 Ha\u0309i D\u01b0\u01a1ng"},"image":{"@id":"https:\/\/tuyensinh.hmtu.edu.vn\/#\/schema\/logo\/image\/"}}]}},"_links":{"self":[{"href":"https:\/\/tuyensinh.hmtu.edu.vn\/index.php?rest_route=\/wp\/v2\/pages\/8484","targetHints":{"allow":["GET"]}}],"collection":[{"href":"https:\/\/tuyensinh.hmtu.edu.vn\/index.php?rest_route=\/wp\/v2\/pages"}],"about":[{"href":"https:\/\/tuyensinh.hmtu.edu.vn\/index.php?rest_route=\/wp\/v2\/types\/page"}],"author":[{"embeddable":true,"href":"https:\/\/tuyensinh.hmtu.edu.vn\/index.php?rest_route=\/wp\/v2\/users\/1"}],"replies":[{"embeddable":true,"href":"https:\/\/tuyensinh.hmtu.edu.vn\/index.php?rest_route=%2Fwp%2Fv2%2Fcomments&post=8484"}],"version-history":[{"count":33,"href":"https:\/\/tuyensinh.hmtu.edu.vn\/index.php?rest_route=\/wp\/v2\/pages\/8484\/revisions"}],"predecessor-version":[{"id":8557,"href":"https:\/\/tuyensinh.hmtu.edu.vn\/index.php?rest_route=\/wp\/v2\/pages\/8484\/revisions\/8557"}],"wp:attachment":[{"href":"https:\/\/tuyensinh.hmtu.edu.vn\/index.php?rest_route=%2Fwp%2Fv2%2Fmedia&parent=8484"}],"curies":[{"name":"wp","href":"https:\/\/api.w.org\/{rel}","templated":true}]}}